{"id":1300132,"date":"2020-08-05T19:38:31","date_gmt":"2020-08-05T23:38:31","guid":{"rendered":"https:\/\/www.halyardhealth.com\/valor-total-de-la-driza\/conocimiento-y-experiencia"},"modified":"2022-08-26T11:16:34","modified_gmt":"2022-08-26T15:16:34","slug":"conocimiento-y-experiencia","status":"publish","type":"page","link":"https:\/\/www.halyardhealth.com\/es\/valor-total-de-la-driza\/conocimiento-y-experiencia","title":{"rendered":"Conocimiento y experiencia"},"content":{"rendered":"<div class=\"wpb-content-wrapper\"><p>[vc_row row_type=\u00bbbg-overlay\u00bb row_text_color=\u00bbtext-light\u00bb full_width=\u00bbstretch_row\u00bb content_placement=\u00bbmiddle\u00bb css=\u00bb.vc_custom_1608313872237{background-image: url(https:\/\/www.halyardhealth.com\/wp-content\/uploads\/Hero-Image-Knowledge-Experience-copy-scaled.jpg?id=5384) !important;}\u00bb][vc_column width=\u00bb1\/2&#8243;]<div class=''><h3 class='text-white  mt-4  h3  ' style='max-width: 100%; display:inline-block;' >Our Total Value<\/h3><\/div><div class=''><h1 class='text-white    display-1  ' style='max-width: 100%; display:inline-block;' >Knowledge &amp; Expertise<\/h1><\/div>[vc_column_text]<\/p>\n<div>En Owens &amp; Minor, nos dedicamos constantemente a aprender y a ampliar nuestra base colectiva de conocimientos. Cuando compartimos ese conocimiento y<\/div>\n<div>experiencia con nuestros clientes, todos aprendemos y crecemos.<\/div>\n<div><\/div>\n<p>[\/vc_column_text][vc_column_text]<\/p>\n<div>\n<div>\u00abCu\u00e9ntame y lo olvido. Ens\u00e9\u00f1ame y me acuerdo. Impl\u00edcame y aprendo\u00bb.<\/div>\n<div>&#8211; Ben Franklin<\/div>\n<\/div>\n<div><\/div>\n<p>[\/vc_column_text]<div class='wpb_content_element text-left btn-container'>\n  <a class='btn btn-primary   '\n    href='\/contact-a-sales-rep\/' target='' data-toggle=''>\n    <span>Questions? Contact a Rep<\/span>\n  <\/a><\/div>\n[\/vc_column][vc_column width=\u00bb1\/2&#8243;][\/vc_column][\/vc_row][vc_row row_type=\u00bbsplit-row\u00bb row_text_color=\u00bbtext-dark\u00bb full_width=\u00bbstretch_row_content\u00bb content_placement=\u00bbmiddle\u00bb css=\u00bb.vc_custom_1593696051065{background-color: #f7f7f7 !important;}\u00bb][vc_column width=\u00bb1\/2&#8243;]<div class=''><p class='text-navyblue   font-weight-bold lead  ' style='max-width: 100%; display:inline-block;' >Learning matters when it comes to preventing infections.<\/p><\/div><div class=''><h2 class='text-brightblue mb-0   h2  ' style='max-width: 100%; display:inline-block;' >700,000<\/h2><\/div>[vc_column_text]<\/p>\n<div>Las HAIs se produjeron en los hospitales de Estados Unidos en 20171<\/div>\n<p>[\/vc_column_text]<div class=''><h2 class='text-brightblue mb-0   h2  ' style='max-width: 100%; display:inline-block;' >70%<\/h2><\/div>[vc_column_text]<\/p>\n<div>La reducci\u00f3n de las IRAS es posible cuando los equipos asistenciales son conscientes de todos los problemas de infecci\u00f3n y toman medidas para solucionarlos1<\/div>\n<p>[\/vc_column_text]<div class=''><h4 class='text-brightblue    h4  ' style='max-width: 100%; display:inline-block;' >While the number of HAIs is declining, progress is slow, and we think there\u2019s a better way<\/h4><\/div>[\/vc_column][vc_column width=\u00bb1\/2&#8243; css=\u00bb.vc_custom_1609525390530{background-image: url(https:\/\/www.halyardhealth.com\/wp-content\/uploads\/2020\/12\/live-presentation.jpg?id=1887) !important;}\u00bb][\/vc_column][\/vc_row][vc_section][vc_row full_width=\u00bbstretch_row_content\u00bb][vc_column col_padding_top=\u00bbpt-2&#8243; col_padding_bottom=\u00bbpb-5&#8243;][vc_single_image image=\u00bb40714&#8243; img_size=\u00bbfull\u00bb alignment=\u00bbcenter\u00bb][\/vc_column][\/vc_row][vc_row row_text_color=\u00bbtext-dark\u00bb row_padding_top=\u00bbpt-1&#8243; full_width=\u00bbstretch_row\u00bb content_placement=\u00bbmiddle\u00bb][vc_column column_type=\u00bbbg-solid\u00bb col_bg_color=\u00bbbg-navyblue\u00bb width=\u00bb1\/2&#8243;]<div class='text-center'><h2 class='text-brightgreen    h2  ' style='max-width: 100%; display:inline-block;' >Owens &amp; Minor is much more than a supplier<\/h2><\/div>[vc_column_text]<\/p>\n<h3>Nos comprometemos a capacitarle a usted y a su personal para reducir y prevenir las infecciones en todo el proceso asistencial.<\/h3>\n<p>[\/vc_column_text][\/vc_column][vc_column width=\u00bb1\/2&#8243;][vc_column_text el_class=\u00bbbullets-green\u00bb]<\/p>\n<div>HALYARD* &#8211; Una investigaci\u00f3n financiada revel\u00f3 que un asombroso 87% de los contenedores de instrumentos esterilizados no mantienen la esterilidad hasta el punto de uso, lo que pone a los pacientes quir\u00fargicos en riesgo de infecci\u00f3n por instrumentos contaminados. (Los instrumentos envueltos en la envoltura de esterilizaci\u00f3n HALYARD* permanecieron 100% est\u00e9riles en este estudio).<\/div>\n<p>&nbsp;<\/p>\n<div>Nuestra investigaci\u00f3n tambi\u00e9n se ha centrado en los riesgos de contaminaci\u00f3n por pelusa en la cirug\u00eda. El cambio de los tejidos de lino y spunbond a las cortinas y batas de polipropileno es una forma probada de reducir este riesgo.<\/div>\n<p>&nbsp;<\/p>\n<div>Al atacar las ISQ desde m\u00faltiples \u00e1ngulos, podemos ayudarle a contar con la informaci\u00f3n y la experiencia que necesita para reducir las infecciones en su centro.<\/div>\n<p>[\/vc_column_text][\/vc_column][\/vc_row][vc_row row_padding_top=\u00bbpt-5&#8243; full_width=\u00bbstretch_row_content\u00bb][vc_column width=\u00bb1\/2&#8243;][vc_single_image image=\u00bb1035&#8243; img_size=\u00bbfull\u00bb alignment=\u00bbright\u00bb][\/vc_column][vc_column column_type=\u00bbbg-solid\u00bb width=\u00bb1\/2&#8243;]<div class='text-center'><h1 class='text-navyblue      ' style='max-width: 100%; display:inline-block;' >THE<br \/>\nPROBLEM<\/h1><\/div><div class='text-center'><h2 class='text-brightgreen      ' style='max-width: 100%; display:inline-block;' >160,000 SSIs Per Year<\/h2><\/div><div class='text-center'><h4 class='      ' style='max-width: 100%; display:inline-block;' >How we apply our knowledge and expertise to reduce infections:<\/h4><\/div>[vc_single_image image=\u00bb1040&#8243; img_size=\u00bbfull\u00bb alignment=\u00bbcenter\u00bb][\/vc_column][\/vc_row][\/vc_section][vc_row row_text_color=\u00bbtext-dark\u00bb full_width=\u00bbstretch_row\u00bb css=\u00bb.vc_custom_1596645585377{background-color: #f7f7f7 !important;}\u00bb el_class=\u00bbpb-0&#8243;][vc_column el_class=\u00bbpb-0&#8243;]<div class='text-center'><h2 class='text-navyblue    h2 ruled ' style='max-width: 100%; display:inline-block;' >Our knowledge and training helps your team build confidence<\/h2><\/div>[\/vc_column][\/vc_row][vc_row row_text_color=\u00bbtext-dark\u00bb full_width=\u00bbstretch_row\u00bb css=\u00bb.vc_custom_1596645540316{background-color: #f7f7f7 !important;}\u00bb el_class=\u00bbpt-0&#8243;][vc_column width=\u00bb1\/3&#8243;]<div class=''><h4 class='text-navyblue    h4  ' style='max-width: 100%; display:inline-block;' >KNOWLEDGE NETWORK*<\/h4><\/div>[vc_column_text el_class=\u00bbbullets-green\u00bb]La <a href=\"https:\/\/www.halyardhealth.com\/es\/educacion-continua\">KNOWLEDGE NETWORK*<\/a> le proporciona a usted y a su personal la informaci\u00f3n cr\u00edtica que necesita para prevenir las infecciones en todo su sistema sanitario[\/vc_column_text][\/vc_column][vc_column width=\u00bb1\/3&#8243;][vc_column_text el_class=\u00bbbullets-green\u00bb]<\/p>\n<h2><span style=\"color: #99ccff;\"><strong>270,000+<\/strong><\/span><\/h2>\n<p><strong>Programas acreditados impartidos<\/strong><\/p>\n<h2><span style=\"color: #99ccff;\"><strong>85+  <\/strong><\/span><\/h2>\n<p><strong>Plan de estudios del curso<\/strong><\/p>\n<h2><span style=\"color: #99ccff;\"><strong>34,000+<\/strong><\/span><\/h2>\n<p><strong>Asistentes a la Red del Conocimiento en 2017<\/strong>[\/vc_column_text][vc_single_image image=\u00bb799&#8243; img_size=\u00bbmedium\u00bb][\/vc_column][vc_column width=\u00bb1\/3&#8243;][vc_column_text el_class=\u00bbbullets-green\u00bb]La <a href=\"https:\/\/www.halyardhealth.com\/es\/educacion-continua\">KNOWLEDGE NETWORK*<\/a> ha impartido m\u00e1s de 270.000 programas acreditados hasta la fecha.<\/p>\n<ul>\n<li>Ofrecemos m\u00e1s de 85 programas distintos, incluido nuestro renombrado plan de estudios Excellence in Sterile Processing (ESP) de m\u00e1s de 33 cursos.<\/li>\n<li>Solo en 2017, m\u00e1s de 34.000 asistentes aprovecharon las ofertas de KNOWLEDGE NETWORK* para mantener sus credenciales al d\u00eda.<\/li>\n<\/ul>\n<p>Tambi\u00e9n proporcionamos a los m\u00e9dicos una gran cantidad de valiosos recursos educativos no acreditados, como libros blancos, seminarios web y presentaciones en directo sobre temas cr\u00edticos.<\/p>\n<p>Y como mantenerse al d\u00eda es un requisito para todos los profesionales de la salud, HALYARD proporciona la literatura y los recursos que necesita para ayudarle a orientarse en la evoluci\u00f3n de las normas.[\/vc_column_text][\/vc_column][\/vc_row][vc_row full_width=\u00bbstretch_row\u00bb el_class=\u00bbpb-0&#8243;][vc_column]<div class='text-center'><h2 class='text-navyblue    h2 ruled ' style='max-width: 100%; display:inline-block;' >Our people set us apart.<\/h2><\/div><div class='text-center'><h4 class='text-navyblue    h4  ' style='max-width: 100%; display:inline-block;' >At Owens &amp; Minor we don't just create educational content and leave it at the door. Our team is here to partner with you and support you through education and hands-on training.<\/h4><\/div>[vc_empty_space][\/vc_column][\/vc_row][vc_row full_width=\u00bbstretch_row\u00bb el_class=\u00bbpt-0&#8243;][vc_column width=\u00bb1\/2&#8243;][vc_single_image image=\u00bb5403&#8243; img_size=\u00bblarge\u00bb alignment=\u00bbcenter\u00bb][\/vc_column][vc_column width=\u00bb1\/2&#8243;][vc_column_text]<\/p>\n<div class=\"\">\n<ul>\n<li class=\" \">Nuestro personal de ventas tiene experiencia, formaci\u00f3n hospitalaria y credenciales<\/li>\n<li class=\" \">Nuestro personal es fijo. El 30% de nuestro equipo lleva m\u00e1s de 15 a\u00f1os con nosotros.<\/li>\n<li class=\" \">Proporcionamos formaci\u00f3n continua y apoyo in situ<\/li>\n<li class=\" \">Nuestro personal participa activamente en las conversaciones sobre la evoluci\u00f3n de las normas. Nuestro equipo de I+D participa en los paneles de directrices de la AAMI y la ASTM, para mantenerse al d\u00eda de las \u00faltimas tendencias.<\/li>\n<\/ul>\n<\/div>\n<p>[\/vc_column_text][\/vc_column][\/vc_row]<\/p>\n<\/div>","protected":false},"excerpt":{"rendered":"<p>[vc_row row_type=\u00bbbg-overlay\u00bb row_text_color=\u00bbtext-light\u00bb full_width=\u00bbstretch_row\u00bb content_placement=\u00bbmiddle\u00bb css=\u00bb.vc_custom_1608313872237{background-image: url(https:\/\/www.halyardhealth.com\/wp-content\/uploads\/Hero-Image-Knowledge-Experience-copy-scaled.jpg?id=5384) !important;}\u00bb][vc_column width=\u00bb1\/2&#8243;][vc_column_text] En Owens &amp; Minor, nos&hellip;<\/p>\n","protected":false},"author":2,"featured_media":1298940,"parent":1300030,"menu_order":48,"comment_status":"closed","ping_status":"closed","template":"","meta":{"_acf_changed":false,"footnotes":""},"class_list":["post-1300132","page","type-page","status-publish","has-post-thumbnail","hentry"],"acf":[],"yoast_head":"<!-- This site is optimized with the Yoast SEO plugin v27.2 - https:\/\/yoast.com\/product\/yoast-seo-wordpress\/ -->\n<title>Conocimiento y experiencia - HALYARD Valor total | HALYARD<\/title>\n<meta name=\"description\" content=\"En O&amp;M Halyard, nos dedicamos constantemente a aprender y a ampliar nuestra base colectiva de conocimientos. Cuando compartimos ese conocimiento y experiencia con nuestros clientes, todos aprendemos y crecemos.\" \/>\n<meta name=\"robots\" content=\"index, follow, max-snippet:-1, max-image-preview:large, max-video-preview:-1\" \/>\n<link rel=\"canonical\" href=\"https:\/\/www.halyardhealth.com\/es\/valor-total-de-la-driza\/conocimiento-y-experiencia\" \/>\n<meta property=\"og:locale\" content=\"es_ES\" \/>\n<meta property=\"og:type\" content=\"article\" \/>\n<meta property=\"og:title\" content=\"Conocimiento y experiencia - HALYARD Valor total | HALYARD\" \/>\n<meta property=\"og:description\" content=\"En O&amp;M Halyard, nos dedicamos constantemente a aprender y a ampliar nuestra base colectiva de conocimientos. Cuando compartimos ese conocimiento y experiencia con nuestros clientes, todos aprendemos y crecemos.\" \/>\n<meta property=\"og:url\" content=\"https:\/\/www.halyardhealth.com\/es\/valor-total-de-la-driza\/conocimiento-y-experiencia\" \/>\n<meta property=\"og:site_name\" content=\"HALYARD Products\" \/>\n<meta property=\"article:publisher\" content=\"https:\/\/www.facebook.com\/halyardhealth\" \/>\n<meta property=\"article:modified_time\" content=\"2022-08-26T15:16:34+00:00\" \/>\n<meta property=\"og:image\" content=\"https:\/\/www.halyardhealth.com\/wp-content\/uploads\/Hero-Image-Knowledge-Experience-copy-scaled.jpg\" \/>\n\t<meta property=\"og:image:width\" content=\"2560\" \/>\n\t<meta property=\"og:image:height\" content=\"869\" \/>\n\t<meta property=\"og:image:type\" content=\"image\/jpeg\" \/>\n<meta name=\"twitter:card\" content=\"summary_large_image\" \/>\n<meta name=\"twitter:site\" content=\"@halyardhealth\" \/>\n<meta name=\"twitter:label1\" content=\"Tiempo de lectura\" \/>\n\t<meta name=\"twitter:data1\" content=\"6 minutos\" \/>\n<!-- \/ Yoast SEO plugin. -->","yoast_head_json":{"title":"Conocimiento y experiencia - HALYARD Valor total | HALYARD","description":"En O&M Halyard, nos dedicamos constantemente a aprender y a ampliar nuestra base colectiva de conocimientos. Cuando compartimos ese conocimiento y experiencia con nuestros clientes, todos aprendemos y crecemos.","robots":{"index":"index","follow":"follow","max-snippet":"max-snippet:-1","max-image-preview":"max-image-preview:large","max-video-preview":"max-video-preview:-1"},"canonical":"https:\/\/www.halyardhealth.com\/es\/valor-total-de-la-driza\/conocimiento-y-experiencia","og_locale":"es_ES","og_type":"article","og_title":"Conocimiento y experiencia - HALYARD Valor total | HALYARD","og_description":"En O&M Halyard, nos dedicamos constantemente a aprender y a ampliar nuestra base colectiva de conocimientos. Cuando compartimos ese conocimiento y experiencia con nuestros clientes, todos aprendemos y crecemos.","og_url":"https:\/\/www.halyardhealth.com\/es\/valor-total-de-la-driza\/conocimiento-y-experiencia","og_site_name":"HALYARD Products","article_publisher":"https:\/\/www.facebook.com\/halyardhealth","article_modified_time":"2022-08-26T15:16:34+00:00","og_image":[{"width":2560,"height":869,"url":"https:\/\/www.halyardhealth.com\/wp-content\/uploads\/Hero-Image-Knowledge-Experience-copy-scaled.jpg","type":"image\/jpeg"}],"twitter_card":"summary_large_image","twitter_site":"@halyardhealth","twitter_misc":{"Tiempo de lectura":"6 minutos"},"schema":{"@context":"https:\/\/schema.org","@graph":[{"@type":"WebPage","@id":"https:\/\/www.halyardhealth.com\/es\/valor-total-de-la-driza\/conocimiento-y-experiencia","url":"https:\/\/www.halyardhealth.com\/es\/valor-total-de-la-driza\/conocimiento-y-experiencia","name":"Conocimiento y experiencia - HALYARD Valor total | HALYARD","isPartOf":{"@id":"https:\/\/www.halyardhealth.com\/es#website"},"primaryImageOfPage":{"@id":"https:\/\/www.halyardhealth.com\/es\/valor-total-de-la-driza\/conocimiento-y-experiencia#primaryimage"},"image":{"@id":"https:\/\/www.halyardhealth.com\/es\/valor-total-de-la-driza\/conocimiento-y-experiencia#primaryimage"},"thumbnailUrl":"https:\/\/www.halyardhealth.com\/wp-content\/uploads\/Hero-Image-Knowledge-Experience-copy-scaled.jpg","datePublished":"2020-08-05T23:38:31+00:00","dateModified":"2022-08-26T15:16:34+00:00","description":"En O&M Halyard, nos dedicamos constantemente a aprender y a ampliar nuestra base colectiva de conocimientos. Cuando compartimos ese conocimiento y experiencia con nuestros clientes, todos aprendemos y crecemos.","breadcrumb":{"@id":"https:\/\/www.halyardhealth.com\/es\/valor-total-de-la-driza\/conocimiento-y-experiencia#breadcrumb"},"inLanguage":"es","potentialAction":[{"@type":"ReadAction","target":["https:\/\/www.halyardhealth.com\/es\/valor-total-de-la-driza\/conocimiento-y-experiencia"]}]},{"@type":"ImageObject","inLanguage":"es","@id":"https:\/\/www.halyardhealth.com\/es\/valor-total-de-la-driza\/conocimiento-y-experiencia#primaryimage","url":"https:\/\/www.halyardhealth.com\/wp-content\/uploads\/Hero-Image-Knowledge-Experience-copy-scaled.jpg","contentUrl":"https:\/\/www.halyardhealth.com\/wp-content\/uploads\/Hero-Image-Knowledge-Experience-copy-scaled.jpg","width":2560,"height":869},{"@type":"BreadcrumbList","@id":"https:\/\/www.halyardhealth.com\/es\/valor-total-de-la-driza\/conocimiento-y-experiencia#breadcrumb","itemListElement":[{"@type":"ListItem","position":1,"name":"Home","item":"https:\/\/www.halyardhealth.com\/es"},{"@type":"ListItem","position":2,"name":"Valor total de la driza","item":"https:\/\/www.halyardhealth.com\/es\/valor-total-de-la-driza"},{"@type":"ListItem","position":3,"name":"Conocimiento y experiencia"}]},{"@type":"WebSite","@id":"https:\/\/www.halyardhealth.com\/es#website","url":"https:\/\/www.halyardhealth.com\/es","name":"HALYARD Products","description":"HALYARD Products","publisher":{"@id":"https:\/\/www.halyardhealth.com\/es#organization"},"alternateName":"HALYARD Global Products","potentialAction":[{"@type":"SearchAction","target":{"@type":"EntryPoint","urlTemplate":"https:\/\/www.halyardhealth.com\/es?s={search_term_string}"},"query-input":{"@type":"PropertyValueSpecification","valueRequired":true,"valueName":"search_term_string"}}],"inLanguage":"es"},{"@type":"Organization","@id":"https:\/\/www.halyardhealth.com\/es#organization","name":"Owens & Minor Global Products","url":"https:\/\/www.halyardhealth.com\/es","logo":{"@type":"ImageObject","inLanguage":"es","@id":"https:\/\/www.halyardhealth.com\/es#\/schema\/logo\/image\/","url":"https:\/\/www.halyardhealth.com\/wp-content\/uploads\/2020\/09\/owens-minor-halyard.png","contentUrl":"https:\/\/www.halyardhealth.com\/wp-content\/uploads\/2020\/09\/owens-minor-halyard.png","width":660,"height":123,"caption":"Owens & Minor Global Products"},"image":{"@id":"https:\/\/www.halyardhealth.com\/es#\/schema\/logo\/image\/"},"sameAs":["https:\/\/www.facebook.com\/halyardhealth","https:\/\/x.com\/halyardhealth","https:\/\/www.linkedin.com\/company\/halyard-health","https:\/\/www.youtube.com\/halyardhealth"]}]}},"publishpress_future_action":{"enabled":false,"date":"2026-04-26 20:20:15","action":"change-status","newStatus":"draft","terms":[],"taxonomy":"translation_priority","extraData":[]},"publishpress_future_workflow_manual_trigger":{"enabledWorkflows":[]},"_links":{"self":[{"href":"https:\/\/www.halyardhealth.com\/es\/wp-json\/wp\/v2\/pages\/1300132","targetHints":{"allow":["GET"]}}],"collection":[{"href":"https:\/\/www.halyardhealth.com\/es\/wp-json\/wp\/v2\/pages"}],"about":[{"href":"https:\/\/www.halyardhealth.com\/es\/wp-json\/wp\/v2\/types\/page"}],"author":[{"embeddable":true,"href":"https:\/\/www.halyardhealth.com\/es\/wp-json\/wp\/v2\/users\/2"}],"replies":[{"embeddable":true,"href":"https:\/\/www.halyardhealth.com\/es\/wp-json\/wp\/v2\/comments?post=1300132"}],"version-history":[{"count":0,"href":"https:\/\/www.halyardhealth.com\/es\/wp-json\/wp\/v2\/pages\/1300132\/revisions"}],"up":[{"embeddable":true,"href":"https:\/\/www.halyardhealth.com\/es\/wp-json\/wp\/v2\/pages\/1300030"}],"wp:featuredmedia":[{"embeddable":true,"href":"https:\/\/www.halyardhealth.com\/es\/wp-json\/wp\/v2\/media\/1298940"}],"wp:attachment":[{"href":"https:\/\/www.halyardhealth.com\/es\/wp-json\/wp\/v2\/media?parent=1300132"}],"curies":[{"name":"wp","href":"https:\/\/api.w.org\/{rel}","templated":true}]}}