{"id":1300201,"date":"2020-07-30T20:58:32","date_gmt":"2020-07-31T00:58:32","guid":{"rendered":"https:\/\/www.halyardhealth.com\/programa-integral-de-cumplimiento-de-la-ley-de-california"},"modified":"2022-08-26T11:16:26","modified_gmt":"2022-08-26T15:16:26","slug":"programa-integral-de-cumplimiento-de-la-ley-de-california","status":"publish","type":"page","link":"https:\/\/www.halyardhealth.com\/es\/programa-integral-de-cumplimiento-de-la-ley-de-california","title":{"rendered":"Programa integral de cumplimiento de la ley de California"},"content":{"rendered":"<div class=\"wpb-content-wrapper\"><p>[vc_row][vc_column]<div class=''><h2 class='      ' style='max-width: 100%; display:inline-block;' >Comprehensive Compliance Program Pursuant to California Law<\/h2><\/div>[vc_column_text]De acuerdo con los requisitos de las secciones 119400 y 119402 del C\u00f3digo de Salud y Seguridad de California, Owens &amp; Minor Halyard pone ahora a disposici\u00f3n sus pol\u00edticas de cumplimiento en este sitio web y, previa solicitud, en una versi\u00f3n impresa.<\/p>\n<p>Owens &amp; Minor Halyard promueve una cultura que apoya la adhesi\u00f3n a altos est\u00e1ndares \u00e9ticos y el cumplimiento de todos los requisitos legales aplicables. La empresa proporciona la formaci\u00f3n adecuada para ayudar a los empleados a cumplir con la responsabilidad de llevar a cabo los negocios de forma responsable y profesional. Todos los empleados de Owens &amp; Minor Halyard deben cumplir con todos los requisitos legales y se espera que informen de las presuntas violaciones de nuestros programas de cumplimiento y pol\u00edticas relacionadas a trav\u00e9s de la L\u00ednea Confidencial de \u00c9tica que mantiene la empresa.<\/p>\n<p>Owens &amp; Minor Halyard declara que ha adoptado un programa de cumplimiento integral aplicable a los profesionales m\u00e9dicos o de la salud de California y que, a partir del 1 de septiembre de 2011, sigue cumpliendo con los c\u00f3digos de salud y seguridad de California. Owens &amp; Minor Halyard declara adem\u00e1s que no tiene conocimiento de ninguna infracci\u00f3n de su programa de cumplimiento integral relacionado con los profesionales m\u00e9dicos o sanitarios de California en la fecha de entrada en vigor de los art\u00edculos 119400 y 119402 del C\u00f3digo de Salud y Seguridad de California. Pueden obtenerse copias de esta declaraci\u00f3n y de las pol\u00edticas de cumplimiento dirigi\u00e9ndose a <a href=\"mailto:GM-CODEOFHONOR@owens-minor.com\">GM-CODEOFHONOR@owens-minor.com<\/a><\/p>\n<ul>\n<li><a href=\"http:\/\/investors.owens-minor.com\/static-files\/8863c292-740a-4731-a544-9aebfa7ed42d\" target=\"_blank\"\" rel=\"noopener noreferrer\">C\u00f3digo de honor de Owens &amp; Minor<\/a><\/li>\n<li>Pol\u00edticas de Owens y Minor<\/li>\n<li><a href=\"http:\/\/www.omicodeofhonor.com\/\" target=\"_blank\"\" rel=\"noopener noreferrer\">L\u00ednea directa de \u00e9tica de Owens &amp; Minor<\/a><\/li>\n<\/ul>\n<p>[\/vc_column_text][\/vc_column][\/vc_row]<\/p>\n<\/div>","protected":false},"excerpt":{"rendered":"<p>[vc_row][vc_column][vc_column_text]De acuerdo con los requisitos de las secciones 119400 y 119402 del C\u00f3digo de&hellip;<\/p>\n","protected":false},"author":2,"featured_media":1301447,"parent":0,"menu_order":0,"comment_status":"closed","ping_status":"closed","template":"","meta":{"_acf_changed":false,"footnotes":""},"class_list":["post-1300201","page","type-page","status-publish","has-post-thumbnail","hentry"],"acf":[],"yoast_head":"<!-- This site is optimized with the Yoast SEO plugin v27.2 - https:\/\/yoast.com\/product\/yoast-seo-wordpress\/ -->\n<title>Programa integral de cumplimiento de la ley de California | HALYARD<\/title>\n<meta name=\"description\" content=\"De acuerdo con los requisitos de las secciones 119400 y 119402 del C\u00f3digo de Salud y Seguridad de California, Owens &amp; Minor Halyard pone ahora a disposici\u00f3n sus pol\u00edticas de cumplimiento en este sitio web y, previa solicitud, en una versi\u00f3n impresa.\" \/>\n<meta name=\"robots\" content=\"index, follow, max-snippet:-1, max-image-preview:large, max-video-preview:-1\" \/>\n<link rel=\"canonical\" href=\"https:\/\/www.halyardhealth.com\/es\/programa-integral-de-cumplimiento-de-la-ley-de-california\" \/>\n<meta property=\"og:locale\" content=\"es_ES\" \/>\n<meta property=\"og:type\" content=\"article\" \/>\n<meta property=\"og:title\" content=\"Programa integral de cumplimiento de la ley de California | HALYARD\" \/>\n<meta property=\"og:description\" content=\"De acuerdo con los requisitos de las secciones 119400 y 119402 del C\u00f3digo de Salud y Seguridad de California, Owens &amp; Minor Halyard pone ahora a disposici\u00f3n sus pol\u00edticas de cumplimiento en este sitio web y, previa solicitud, en una versi\u00f3n impresa.\" \/>\n<meta property=\"og:url\" content=\"https:\/\/www.halyardhealth.com\/es\/programa-integral-de-cumplimiento-de-la-ley-de-california\" \/>\n<meta property=\"og:site_name\" content=\"HALYARD Products\" \/>\n<meta property=\"article:publisher\" content=\"https:\/\/www.facebook.com\/halyardhealth\" \/>\n<meta property=\"article:modified_time\" content=\"2022-08-26T15:16:26+00:00\" \/>\n<meta property=\"og:image\" content=\"https:\/\/www.halyardhealth.com\/wp-content\/uploads\/halyard-health-sails.jpg\" \/>\n\t<meta property=\"og:image:width\" content=\"225\" \/>\n\t<meta property=\"og:image:height\" content=\"225\" \/>\n\t<meta property=\"og:image:type\" content=\"image\/jpeg\" \/>\n<meta name=\"twitter:card\" content=\"summary_large_image\" \/>\n<meta name=\"twitter:site\" content=\"@halyardhealth\" \/>\n<meta name=\"twitter:label1\" content=\"Tiempo de lectura\" \/>\n\t<meta name=\"twitter:data1\" content=\"2 minutos\" \/>\n<!-- \/ Yoast SEO plugin. -->","yoast_head_json":{"title":"Programa integral de cumplimiento de la ley de California | HALYARD","description":"De acuerdo con los requisitos de las secciones 119400 y 119402 del C\u00f3digo de Salud y Seguridad de California, Owens & Minor Halyard pone ahora a disposici\u00f3n sus pol\u00edticas de cumplimiento en este sitio web y, previa solicitud, en una versi\u00f3n impresa.","robots":{"index":"index","follow":"follow","max-snippet":"max-snippet:-1","max-image-preview":"max-image-preview:large","max-video-preview":"max-video-preview:-1"},"canonical":"https:\/\/www.halyardhealth.com\/es\/programa-integral-de-cumplimiento-de-la-ley-de-california","og_locale":"es_ES","og_type":"article","og_title":"Programa integral de cumplimiento de la ley de California | HALYARD","og_description":"De acuerdo con los requisitos de las secciones 119400 y 119402 del C\u00f3digo de Salud y Seguridad de California, Owens & Minor Halyard pone ahora a disposici\u00f3n sus pol\u00edticas de cumplimiento en este sitio web y, previa solicitud, en una versi\u00f3n impresa.","og_url":"https:\/\/www.halyardhealth.com\/es\/programa-integral-de-cumplimiento-de-la-ley-de-california","og_site_name":"HALYARD Products","article_publisher":"https:\/\/www.facebook.com\/halyardhealth","article_modified_time":"2022-08-26T15:16:26+00:00","og_image":[{"width":225,"height":225,"url":"https:\/\/www.halyardhealth.com\/wp-content\/uploads\/halyard-health-sails.jpg","type":"image\/jpeg"}],"twitter_card":"summary_large_image","twitter_site":"@halyardhealth","twitter_misc":{"Tiempo de lectura":"2 minutos"},"schema":{"@context":"https:\/\/schema.org","@graph":[{"@type":"WebPage","@id":"https:\/\/www.halyardhealth.com\/es\/programa-integral-de-cumplimiento-de-la-ley-de-california","url":"https:\/\/www.halyardhealth.com\/es\/programa-integral-de-cumplimiento-de-la-ley-de-california","name":"Programa integral de cumplimiento de la ley de California | HALYARD","isPartOf":{"@id":"https:\/\/www.halyardhealth.com\/es#website"},"primaryImageOfPage":{"@id":"https:\/\/www.halyardhealth.com\/es\/programa-integral-de-cumplimiento-de-la-ley-de-california#primaryimage"},"image":{"@id":"https:\/\/www.halyardhealth.com\/es\/programa-integral-de-cumplimiento-de-la-ley-de-california#primaryimage"},"thumbnailUrl":"https:\/\/www.halyardhealth.com\/wp-content\/uploads\/halyard-health-sails.jpg","datePublished":"2020-07-31T00:58:32+00:00","dateModified":"2022-08-26T15:16:26+00:00","description":"De acuerdo con los requisitos de las secciones 119400 y 119402 del C\u00f3digo de Salud y Seguridad de California, Owens & Minor Halyard pone ahora a disposici\u00f3n sus pol\u00edticas de cumplimiento en este sitio web y, previa solicitud, en una versi\u00f3n impresa.","breadcrumb":{"@id":"https:\/\/www.halyardhealth.com\/es\/programa-integral-de-cumplimiento-de-la-ley-de-california#breadcrumb"},"inLanguage":"es","potentialAction":[{"@type":"ReadAction","target":["https:\/\/www.halyardhealth.com\/es\/programa-integral-de-cumplimiento-de-la-ley-de-california"]}]},{"@type":"ImageObject","inLanguage":"es","@id":"https:\/\/www.halyardhealth.com\/es\/programa-integral-de-cumplimiento-de-la-ley-de-california#primaryimage","url":"https:\/\/www.halyardhealth.com\/wp-content\/uploads\/halyard-health-sails.jpg","contentUrl":"https:\/\/www.halyardhealth.com\/wp-content\/uploads\/halyard-health-sails.jpg","width":225,"height":225,"caption":"Halyard Health"},{"@type":"BreadcrumbList","@id":"https:\/\/www.halyardhealth.com\/es\/programa-integral-de-cumplimiento-de-la-ley-de-california#breadcrumb","itemListElement":[{"@type":"ListItem","position":1,"name":"Home","item":"https:\/\/www.halyardhealth.com\/es"},{"@type":"ListItem","position":2,"name":"Programa integral de cumplimiento de la ley de California"}]},{"@type":"WebSite","@id":"https:\/\/www.halyardhealth.com\/es#website","url":"https:\/\/www.halyardhealth.com\/es","name":"HALYARD Products","description":"HALYARD Products","publisher":{"@id":"https:\/\/www.halyardhealth.com\/es#organization"},"alternateName":"HALYARD Global Products","potentialAction":[{"@type":"SearchAction","target":{"@type":"EntryPoint","urlTemplate":"https:\/\/www.halyardhealth.com\/es?s={search_term_string}"},"query-input":{"@type":"PropertyValueSpecification","valueRequired":true,"valueName":"search_term_string"}}],"inLanguage":"es"},{"@type":"Organization","@id":"https:\/\/www.halyardhealth.com\/es#organization","name":"Owens & Minor Global Products","url":"https:\/\/www.halyardhealth.com\/es","logo":{"@type":"ImageObject","inLanguage":"es","@id":"https:\/\/www.halyardhealth.com\/es#\/schema\/logo\/image\/","url":"https:\/\/www.halyardhealth.com\/wp-content\/uploads\/2020\/09\/owens-minor-halyard.png","contentUrl":"https:\/\/www.halyardhealth.com\/wp-content\/uploads\/2020\/09\/owens-minor-halyard.png","width":660,"height":123,"caption":"Owens & Minor Global Products"},"image":{"@id":"https:\/\/www.halyardhealth.com\/es#\/schema\/logo\/image\/"},"sameAs":["https:\/\/www.facebook.com\/halyardhealth","https:\/\/x.com\/halyardhealth","https:\/\/www.linkedin.com\/company\/halyard-health","https:\/\/www.youtube.com\/halyardhealth"]}]}},"publishpress_future_action":{"enabled":false,"date":"2026-04-16 00:21:26","action":"change-status","newStatus":"draft","terms":[],"taxonomy":"translation_priority","extraData":[]},"publishpress_future_workflow_manual_trigger":{"enabledWorkflows":[]},"_links":{"self":[{"href":"https:\/\/www.halyardhealth.com\/es\/wp-json\/wp\/v2\/pages\/1300201","targetHints":{"allow":["GET"]}}],"collection":[{"href":"https:\/\/www.halyardhealth.com\/es\/wp-json\/wp\/v2\/pages"}],"about":[{"href":"https:\/\/www.halyardhealth.com\/es\/wp-json\/wp\/v2\/types\/page"}],"author":[{"embeddable":true,"href":"https:\/\/www.halyardhealth.com\/es\/wp-json\/wp\/v2\/users\/2"}],"replies":[{"embeddable":true,"href":"https:\/\/www.halyardhealth.com\/es\/wp-json\/wp\/v2\/comments?post=1300201"}],"version-history":[{"count":0,"href":"https:\/\/www.halyardhealth.com\/es\/wp-json\/wp\/v2\/pages\/1300201\/revisions"}],"wp:featuredmedia":[{"embeddable":true,"href":"https:\/\/www.halyardhealth.com\/es\/wp-json\/wp\/v2\/media\/1301447"}],"wp:attachment":[{"href":"https:\/\/www.halyardhealth.com\/es\/wp-json\/wp\/v2\/media?parent=1300201"}],"curies":[{"name":"wp","href":"https:\/\/api.w.org\/{rel}","templated":true}]}}