{"id":1300243,"date":"2020-11-23T14:13:15","date_gmt":"2020-11-23T19:13:15","guid":{"rendered":"https:\/\/www.halyardhealth.com\/soluciones\/soluciones-para-la-cadena-de-suministro"},"modified":"2022-08-26T11:17:36","modified_gmt":"2022-08-26T15:17:36","slug":"soluciones-para-la-cadena-de-suministro","status":"publish","type":"page","link":"https:\/\/www.halyardhealth.com\/es\/soluciones\/soluciones-para-la-cadena-de-suministro","title":{"rendered":"Soluciones para la cadena de suministro"},"content":{"rendered":"<div class=\"wpb-content-wrapper\"><p>[vc_row row_type=\u00bbpage-hero\u00bb full_width=\u00bbstretch_row\u00bb content_placement=\u00bbmiddle\u00bb css=\u00bb.vc_custom_1611325724085{background-image: url(https:\/\/www.halyardhealth.com\/wp-content\/uploads\/om-halyard-supply-chain.jpg?id=5602) !important;background-position: center !important;background-repeat: no-repeat !important;background-size: cover !important;}\u00bb][vc_column width=\u00bb2\/3&#8243;]<div class=''><h1 class='text-white    display-1  ' style='max-width: 100%; display:inline-block;' >Optimize<br \/> your hospital<br \/> supply chain<\/h1><\/div><div class=''><p class='text-white    lead  ' style='max-width: 100%; display:inline-block;' >Reducing costs and increasing efficiencies of your hospital supply chain is essential to ensuring quality patient centered care. See how HALYARD* can help.<\/p><\/div><div class='wpb_content_element text-left btn-container'>\n  <a class='btn btn-primary   '\n    href='\/contact-a-sales-rep\/' target='' data-toggle=''>\n    <span>Questions? Contact a Rep<\/span>\n  <\/a><\/div>\n[\/vc_column][vc_column width=\u00bb1\/3&#8243;][\/vc_column][\/vc_row][vc_section][vc_row row_padding_bottom=\u00bbpb-3&#8243; full_width=\u00bbstretch_row\u00bb][vc_column width=\u00bb1\/6&#8243;][\/vc_column][vc_column width=\u00bb2\/3&#8243;]<div class='text-center'><h2 class='     ruled ' style='max-width: 100%; display:inline-block;' >Ensure resources your healthcare workers need to do their jobs<\/h2><\/div>[vc_column_text]<\/p>\n<p style=\"text-align: center;\">El aumento de la eficiencia y la reducci\u00f3n de los costes en las cadenas de suministro de los hospitales permite al personal sanitario dedicar m\u00e1s tiempo a los pacientes y ofrecer una atenci\u00f3n de mayor calidad. Las estrategias correctas de la cadena de suministro y la selecci\u00f3n de productos son cada vez m\u00e1s importantes para maximizar los recursos, reducir los retrasos y mejorar la rentabilidad.<\/p>\n<p style=\"text-align: center;\"><strong>Consiga los productos adecuados en el momento oportuno con las soluciones de la cadena de suministro de HALYARD*.<\/strong><\/p>\n<p>[\/vc_column_text][\/vc_column][vc_column width=\u00bb1\/6&#8243;][\/vc_column][\/vc_row][vc_row][vc_column width=\u00bb1\/3&#8243;]<div class=\"product-card\">\n  <a class=\"full-link\"  href='https:\/\/www.halyardhealth.com\/or-efficiency' target='' aria-labelledby=\"label-69d728eca3868\" aria-describedby=\"description-69d728eca3868\"><span class=\"sr-only\" id=\"description-69d728eca3868\">Operating Room Efficiency<\/span><\/a>\n  <div class=\"card-img\" style=\"background-image:url(https:\/\/www.halyardhealth.com\/wp-content\/uploads\/2020\/08\/OR-Delay-1.jpg);\">\n    <span class=\"sr-only\" role=\"img\" aria-label=\"Operating Room Efficiency thumbnail\"> <\/span>\n\n  <\/div>\n  <div class=\"card-content\">\n    <h3 class=\"card-title\">Operating Room Efficiency<\/h3>\n    <div class=\"card-description\">\n      The operating room contains numerous opportunities for cost saving measures for hospitals. See how Halyard can help.    <\/div>\n  <\/div>\n  <div class=\"read-more-link text-uppercase\">\n    <span class=\"auto-hide-text\" id=\"label-69d728eca3868\">Learn More<\/span><i class=\"fas fa-arrow-right\" aria-hidden=\"true\"><\/i>\n  <\/div>\n<\/div>\n[\/vc_column][vc_column width=\u00bb1\/3&#8243;]<div class=\"product-card\">\n  <a class=\"full-link\"  href='https:\/\/www.halyardhealth.com\/pandemic-preparedness' target='' aria-labelledby=\"label-69d728eca3a96\" aria-describedby=\"description-69d728eca3a96\"><span class=\"sr-only\" id=\"description-69d728eca3a96\">Pandemic Preparedness<\/span><\/a>\n  <div class=\"card-img\" style=\"background-image:url(https:\/\/www.halyardhealth.com\/wp-content\/uploads\/2020\/11\/106495168-1587230386433gettyimages-1219387859.jpeg);\">\n    <span class=\"sr-only\" role=\"img\" aria-label=\"Pandemic Preparedness thumbnail\"> <\/span>\n\n  <\/div>\n  <div class=\"card-content\">\n    <h3 class=\"card-title\">Pandemic Preparedness<\/h3>\n    <div class=\"card-description\">\n      Our Americas-based manufacturing footprint helps to ensure a reliable supply of essential PPE, even in times of crisis.    <\/div>\n  <\/div>\n  <div class=\"read-more-link text-uppercase\">\n    <span class=\"auto-hide-text\" id=\"label-69d728eca3a96\">Learn More<\/span><i class=\"fas fa-arrow-right\" aria-hidden=\"true\"><\/i>\n  <\/div>\n<\/div>\n[\/vc_column][vc_column width=\u00bb1\/3&#8243;]<div class=\"product-card\">\n  <a class=\"full-link\"  href='https:\/\/www.halyardhealth.com\/sustainability' target='' aria-labelledby=\"label-69d728eca3fdf\" aria-describedby=\"description-69d728eca3fdf\"><span class=\"sr-only\" id=\"description-69d728eca3fdf\">Sustainability<\/span><\/a>\n  <div class=\"card-img\" style=\"background-image:url(https:\/\/www.halyardhealth.com\/wp-content\/uploads\/Belintra_Shelves_1280.jpg);\">\n    <span class=\"sr-only\" role=\"img\" aria-label=\"Sustainability thumbnail\"> <\/span>\n\n  <\/div>\n  <div class=\"card-content\">\n    <h3 class=\"card-title\">Sustainability<\/h3>\n    <div class=\"card-description\">\n      Medical facilities across the United States recycle their used, clean HALYARD* WRAP. See how Halyard can help you achieve your sustainability goals with BLUE RENEW*    <\/div>\n  <\/div>\n  <div class=\"read-more-link text-uppercase\">\n    <span class=\"auto-hide-text\" id=\"label-69d728eca3fdf\">Learn More<\/span><i class=\"fas fa-arrow-right\" aria-hidden=\"true\"><\/i>\n  <\/div>\n<\/div>\n[\/vc_column][\/vc_row][\/vc_section][vc_row row_type=\u00bbsplit-row\u00bb full_width=\u00bbstretch_row_content\u00bb content_placement=\u00bbmiddle\u00bb][vc_column column_type=\u00bbbg-solid\u00bb col_bg_color=\u00bbbg-navyblue\u00bb width=\u00bb1\/2&#8243; col_padding_left=\u00bbpl-0&#8243; col_padding_right=\u00bbpr-0&#8243; css=\u00bb.vc_custom_1611326376934{background-image: url(https:\/\/www.halyardhealth.com\/wp-content\/uploads\/om-halyard-sales-team.jpg?id=5605) !important;}\u00bb]<div class='text-center'><p class='text-navyblue  mt-4  h3  ' style='max-width: 100%; display:inline-block;' >Experienced, Hospital-Trained and Credentialed<\/p><\/div><div class='text-center'><h2 class='text-navyblue    display-1  ' style='max-width: 100%; display:inline-block;' >15 Years<\/h2><\/div><div class='text-center'><h5 class='text-navyblue      ' style='max-width: 100%; display:inline-block;' >30% of the Owens &amp; Minor Global Products Sales Team has been with the company for over 15 years.<\/h5><\/div><div class='wpb_content_element text-center btn-container'>\n  <a class='btn btn-secondary   '\n    href='https:\/\/www.halyardhealth.com\/contact-a-sales-rep\/' target='_blank' data-toggle=''>\n    <span>Contact A Sales Rep<\/span>\n  <\/a><\/div>\n[\/vc_column][vc_column width=\u00bb1\/2&#8243; el_class=\u00bbbg-lightgray\u00bb]<div class='text-center'><h2 class='     ruled ' style='max-width: 100%; display:inline-block;' >Products<\/h2><\/div><div class='text-center'><p class='text-navyblue    lead  ' style='max-width: 100%; display:inline-block;' >With over 5,000 products from Halyard, MediChoice and Medical Action, Owens &amp; Minor Global Products has the supplies and services you need to keep your staff protected and your business running efficiently.<\/p><\/div><div class='wpb_content_element text-center btn-container'>\n  <a class='btn btn-primary   '\n    href='https:\/\/products.halyardhealth.com\/' target='_blank' data-toggle=''>\n    <span>View Product Catalog<\/span>\n  <\/a><\/div>\n[\/vc_column][\/vc_row][vc_row full_width=\u00bbstretch_row\u00bb][vc_column width=\u00bb2\/3&#8243;]<div class=''><h2 class='     ruled ' style='max-width: 100%; display:inline-block;' >Articles &amp; Resources<\/h2><\/div><div class=\"links-list post-list\">\n    <div class=\"post-list-item\">\n      <a class=\"full-link\" href=\"\/articles\/supply-chain\/dig-deeper-into-your-gpo-relationship\/\" target=\"\"><\/a>\n      <div class=\"py-2\">\n        <div class=\"post-title h3 mb-0\">Dig Deeper Into Your GPO Relationship: 8 Tips To Maximize Your Contract<\/div>\n      <\/div>\n      <div class=\"read-more-link\">\n        <i class=\"fas fa-arrow-right\" aria-hidden=\"true\"><\/i>\n      <\/div>\n    <\/div>\n\n  \n    <div class=\"post-list-item\">\n      <a class=\"full-link\" href=\"\/articles\/or-efficiency\/how-to-operate-a-more-profitable-or\/\" target=\"\"><\/a>\n      <div class=\"py-2\">\n        <div class=\"post-title h3 mb-0\">How to Operate a More Profitable O.R.<\/div>\n      <\/div>\n      <div class=\"read-more-link\">\n        <i class=\"fas fa-arrow-right\" aria-hidden=\"true\"><\/i>\n      <\/div>\n    <\/div>\n\n  <\/div>[\/vc_column][vc_column width=\u00bb1\/3&#8243;]<div class=\"image-link-card\">\n  <a class=\"full-link\" href=\"https:\/\/www.cdc.gov\/cpr\/readiness\/healthcare\/SupplyChainDisasterPreparednessManual.htm\" target=\"_blank\"><\/a>\n  <div class=\"card-image\" style=\"background-image: url(https:\/\/www.halyardhealth.com\/wp-content\/uploads\/2020\/11\/SupplyChain-200x180.jpg)\"><\/div>\n  <div class=\"d-flex align-items-center justify-content-between pt-1\">\n  <div class=\"h6 card-title my-0\">Supply Chain Disaster Preparedness Manual<\/div>\n  <div class=\"read-more-link text-brightblue\">\n    <i class=\"fas fa-arrow-right\" aria-hidden=\"true\"><\/i>\n  <\/div>\n  <\/div>\n<\/div>\n[\/vc_column][\/vc_row][vc_row row_type=\u00bbbg-solid\u00bb row_bg_color=\u00bbbg-marks\u00bb full_width=\u00bbstretch_row\u00bb el_class=\u00bbbg-navyblue\u00bb][vc_column]<div class='text-center'><h2 class='     ruled ' style='max-width: 100%; display:inline-block;' >Featured Products<\/h2><\/div>[vc_row_inner equal_height=\u00bbyes\u00bb][vc_column_inner width=\u00bb1\/4&#8243;]<div class=\"product-card\">\n  <a class=\"full-link\"  href='https:\/\/products.halyardhealth.com\/surgical-solutions\/sterilization-solutions\/sterilization-wraps\/halyard-smart-fold-sterilization-wrap.html' target='_blank' aria-labelledby=\"label-69d728eca4c30\" aria-describedby=\"description-69d728eca4c30\"><span class=\"sr-only\" id=\"description-69d728eca4c30\">SMART-FOLD* Sterilization Wrap<\/span><\/a>\n  <div class=\"card-img\" style=\"background-image:url(https:\/\/www.halyardhealth.com\/wp-content\/uploads\/2020\/11\/14271_kimguard_smart-fold_4-2.jpg);\">\n    <span class=\"sr-only\" role=\"img\" aria-label=\"SMART-FOLD* Sterilization Wrap thumbnail\"> <\/span>\n\n  <\/div>\n  <div class=\"card-content\">\n    <h3 class=\"card-title\">SMART-FOLD* Sterilization Wrap<\/h3>\n    <div class=\"card-description\">\n      Features POWERGUARD* technology, for the highest level of bacterial filtration effectiveness\u201499.9%.    <\/div>\n  <\/div>\n  <div class=\"read-more-link text-uppercase\">\n    <span class=\"auto-hide-text\" id=\"label-69d728eca4c30\">View Product<\/span><i class=\"fas fa-arrow-right\" aria-hidden=\"true\"><\/i>\n  <\/div>\n<\/div>\n[\/vc_column_inner][vc_column_inner width=\u00bb1\/4&#8243;]<div class=\"product-card\">\n  <a class=\"full-link\"  href='https:\/\/products.halyardhealth.com\/infection-prevention\/facial-respiratory-protection\/masks-respirators\/fluidshield-n95-particulate-filter-respirator-and-surgical-mask.html' target='_blank' aria-labelledby=\"label-69d728eca50a8\" aria-describedby=\"description-69d728eca50a8\"><span class=\"sr-only\" id=\"description-69d728eca50a8\">FLUIDSHIELD* Surgical N95 Respirator Mask<\/span><\/a>\n  <div class=\"card-img\" style=\"background-image:url(https:\/\/www.halyardhealth.com\/wp-content\/uploads\/2020\/11\/fluidshield__n95_particulate_filter_respirator_and_surgical_mask.jpg);\">\n    <span class=\"sr-only\" role=\"img\" aria-label=\"FLUIDSHIELD* Surgical N95 Respirator Mask thumbnail\"> <\/span>\n\n  <\/div>\n  <div class=\"card-content\">\n    <h3 class=\"card-title\">FLUIDSHIELD* Surgical N95 Respirator Mask<\/h3>\n    <div class=\"card-description\">\n      Highest splash resistance available, bacterial filtration efficiency of \u2265 99%    <\/div>\n  <\/div>\n  <div class=\"read-more-link text-uppercase\">\n    <span class=\"auto-hide-text\" id=\"label-69d728eca50a8\">View Product<\/span><i class=\"fas fa-arrow-right\" aria-hidden=\"true\"><\/i>\n  <\/div>\n<\/div>\n[\/vc_column_inner][vc_column_inner width=\u00bb1\/4&#8243;]<div class=\"product-card\">\n  <a class=\"full-link\"  href='https:\/\/products.halyardhealth.com\/infection-prevention\/protective-apparel\/protective-gowns\/halyard-basics-tri-layer-aami2-over-the-head-isolation-gown.html?sku=43008' target='_blank' aria-labelledby=\"label-69d728eca5550\" aria-describedby=\"description-69d728eca5550\"><span class=\"sr-only\" id=\"description-69d728eca5550\">HALYARD* BASICS* Tri-Layer AAMI2 Over-The-Head Isolation Gown<\/span><\/a>\n  <div class=\"card-img\" style=\"background-image:url(https:\/\/www.halyardhealth.com\/wp-content\/uploads\/2020\/11\/halyard__basics__tri-layer_aami2_over-the-head_isolation_gown_1_2.jpg);\">\n    <span class=\"sr-only\" role=\"img\" aria-label=\"HALYARD* BASICS* Tri-Layer AAMI2 Over-The-Head Isolation Gown thumbnail\"> <\/span>\n\n  <\/div>\n  <div class=\"card-content\">\n    <h3 class=\"card-title\">HALYARD* BASICS* Tri-Layer AAMI2 Over-The-Head Isolation Gown<\/h3>\n    <div class=\"card-description\">\n      Gives clinicians the protection and comfort they need to deliver the best possible patient care.    <\/div>\n  <\/div>\n  <div class=\"read-more-link text-uppercase\">\n    <span class=\"auto-hide-text\" id=\"label-69d728eca5550\">View Product<\/span><i class=\"fas fa-arrow-right\" aria-hidden=\"true\"><\/i>\n  <\/div>\n<\/div>\n[\/vc_column_inner][vc_column_inner width=\u00bb1\/4&#8243;]<div class=\"product-card\">\n  <a class=\"full-link\"  href='https:\/\/products.halyardhealth.com\/infection-prevention\/medical-exam-gloves\/nitrile\/purple-nitrile-xtra-exam-glove.html' target='_blank' aria-labelledby=\"label-69d728eca597f\" aria-describedby=\"description-69d728eca597f\"><span class=\"sr-only\" id=\"description-69d728eca597f\">PURPLE NITRILE-XTRA* Exam Glove<\/span><\/a>\n  <div class=\"card-img\" style=\"background-image:url(https:\/\/www.halyardhealth.com\/wp-content\/uploads\/Untitled-design-1.png);\">\n    <span class=\"sr-only\" role=\"img\" aria-label=\"PURPLE NITRILE-XTRA* Exam Glove thumbnail\"> <\/span>\n\n  <\/div>\n  <div class=\"card-content\">\n    <h3 class=\"card-title\">PURPLE NITRILE-XTRA* Exam Glove<\/h3>\n    <div class=\"card-description\">\n      Frequently the glove of choice for healthcare workers who need outstanding barrier protection.    <\/div>\n  <\/div>\n  <div class=\"read-more-link text-uppercase\">\n    <span class=\"auto-hide-text\" id=\"label-69d728eca597f\">View Product<\/span><i class=\"fas fa-arrow-right\" aria-hidden=\"true\"><\/i>\n  <\/div>\n<\/div>\n[\/vc_column_inner][\/vc_row_inner][\/vc_column][\/vc_row][vc_row full_width=\u00bbstretch_row\u00bb][vc_column]<div class='text-center mx-auto'><h2 class='     ruled ' style='max-width: 100%; display:inline-block;' >Have Questions?<\/h2><\/div>[vc_column_text]<\/p>\n<p style=\"text-align: center;\">Uno de nuestros representantes estar\u00e1 encantado de ayudarle a empezar a resolver sus necesidades de la cadena de suministro hoy mismo.<\/p>\n<p>[\/vc_column_text]<div class='wpb_content_element text-center btn-container'>\n  <a class='btn btn-primary   '\n    href='\/contact-a-sales-rep\/' target='' data-toggle=''>\n    <span>Contact a Rep<\/span>\n  <\/a><\/div>\n[\/vc_column][\/vc_row][vc_row disable_element=\u00bbyes\u00bb css=\u00bb.vc_custom_1606146961207{background-color: #ebebef !important;}\u00bb][vc_column]<div class=''><h2 class='     ruled ' style='max-width: 100%; display:inline-block;' >Sources<\/h2><\/div>[\/vc_column][\/vc_row]<\/p>\n<\/div>","protected":false},"excerpt":{"rendered":"<p>Extracto de Lorem IIpusm<\/p>\n","protected":false},"author":2,"featured_media":1301447,"parent":1300034,"menu_order":0,"comment_status":"closed","ping_status":"closed","template":"","meta":{"_acf_changed":false,"footnotes":""},"class_list":["post-1300243","page","type-page","status-publish","has-post-thumbnail","hentry"],"acf":[],"yoast_head":"<!-- This site is optimized with the Yoast SEO plugin v27.2 - https:\/\/yoast.com\/product\/yoast-seo-wordpress\/ -->\n<title>Optimice la cadena de suministro de su hospital | HALYARD<\/title>\n<meta name=\"description\" content=\"Reducir los costes y aumentar la eficiencia de la cadena de suministro de su hospital es esencial para garantizar una atenci\u00f3n de calidad centrada en el paciente. Vea c\u00f3mo HALYARD puede ayudar.\" \/>\n<meta name=\"robots\" content=\"index, follow, max-snippet:-1, max-image-preview:large, max-video-preview:-1\" \/>\n<link rel=\"canonical\" href=\"https:\/\/www.halyardhealth.com\/es\/soluciones\/soluciones-para-la-cadena-de-suministro\" \/>\n<meta property=\"og:locale\" content=\"es_ES\" \/>\n<meta property=\"og:type\" content=\"article\" \/>\n<meta property=\"og:title\" content=\"Optimice la cadena de suministro de su hospital | HALYARD\" \/>\n<meta property=\"og:description\" content=\"Reducir los costes y aumentar la eficiencia de la cadena de suministro de su hospital es esencial para garantizar una atenci\u00f3n de calidad centrada en el paciente. Vea c\u00f3mo HALYARD puede ayudar.\" \/>\n<meta property=\"og:url\" content=\"https:\/\/www.halyardhealth.com\/es\/soluciones\/soluciones-para-la-cadena-de-suministro\" \/>\n<meta property=\"og:site_name\" content=\"HALYARD Products\" \/>\n<meta property=\"article:publisher\" content=\"https:\/\/www.facebook.com\/halyardhealth\" \/>\n<meta property=\"article:modified_time\" content=\"2022-08-26T15:17:36+00:00\" \/>\n<meta property=\"og:image\" content=\"https:\/\/www.halyardhealth.com\/wp-content\/uploads\/halyard-health-sails.jpg\" \/>\n\t<meta property=\"og:image:width\" content=\"225\" \/>\n\t<meta property=\"og:image:height\" content=\"225\" \/>\n\t<meta property=\"og:image:type\" content=\"image\/jpeg\" \/>\n<meta name=\"twitter:card\" content=\"summary_large_image\" \/>\n<meta name=\"twitter:site\" content=\"@halyardhealth\" \/>\n<meta name=\"twitter:label1\" content=\"Tiempo de lectura\" \/>\n\t<meta name=\"twitter:data1\" content=\"6 minutos\" \/>\n<!-- \/ Yoast SEO plugin. -->","yoast_head_json":{"title":"Optimice la cadena de suministro de su hospital | HALYARD","description":"Reducir los costes y aumentar la eficiencia de la cadena de suministro de su hospital es esencial para garantizar una atenci\u00f3n de calidad centrada en el paciente. Vea c\u00f3mo HALYARD puede ayudar.","robots":{"index":"index","follow":"follow","max-snippet":"max-snippet:-1","max-image-preview":"max-image-preview:large","max-video-preview":"max-video-preview:-1"},"canonical":"https:\/\/www.halyardhealth.com\/es\/soluciones\/soluciones-para-la-cadena-de-suministro","og_locale":"es_ES","og_type":"article","og_title":"Optimice la cadena de suministro de su hospital | HALYARD","og_description":"Reducir los costes y aumentar la eficiencia de la cadena de suministro de su hospital es esencial para garantizar una atenci\u00f3n de calidad centrada en el paciente. Vea c\u00f3mo HALYARD puede ayudar.","og_url":"https:\/\/www.halyardhealth.com\/es\/soluciones\/soluciones-para-la-cadena-de-suministro","og_site_name":"HALYARD Products","article_publisher":"https:\/\/www.facebook.com\/halyardhealth","article_modified_time":"2022-08-26T15:17:36+00:00","og_image":[{"width":225,"height":225,"url":"https:\/\/www.halyardhealth.com\/wp-content\/uploads\/halyard-health-sails.jpg","type":"image\/jpeg"}],"twitter_card":"summary_large_image","twitter_site":"@halyardhealth","twitter_misc":{"Tiempo de lectura":"6 minutos"},"schema":{"@context":"https:\/\/schema.org","@graph":[{"@type":"WebPage","@id":"https:\/\/www.halyardhealth.com\/es\/soluciones\/soluciones-para-la-cadena-de-suministro","url":"https:\/\/www.halyardhealth.com\/es\/soluciones\/soluciones-para-la-cadena-de-suministro","name":"Optimice la cadena de suministro de su hospital | HALYARD","isPartOf":{"@id":"https:\/\/www.halyardhealth.com\/es#website"},"primaryImageOfPage":{"@id":"https:\/\/www.halyardhealth.com\/es\/soluciones\/soluciones-para-la-cadena-de-suministro#primaryimage"},"image":{"@id":"https:\/\/www.halyardhealth.com\/es\/soluciones\/soluciones-para-la-cadena-de-suministro#primaryimage"},"thumbnailUrl":"https:\/\/www.halyardhealth.com\/wp-content\/uploads\/halyard-health-sails.jpg","datePublished":"2020-11-23T19:13:15+00:00","dateModified":"2022-08-26T15:17:36+00:00","description":"Reducir los costes y aumentar la eficiencia de la cadena de suministro de su hospital es esencial para garantizar una atenci\u00f3n de calidad centrada en el paciente. Vea c\u00f3mo HALYARD puede ayudar.","breadcrumb":{"@id":"https:\/\/www.halyardhealth.com\/es\/soluciones\/soluciones-para-la-cadena-de-suministro#breadcrumb"},"inLanguage":"es","potentialAction":[{"@type":"ReadAction","target":["https:\/\/www.halyardhealth.com\/es\/soluciones\/soluciones-para-la-cadena-de-suministro"]}]},{"@type":"ImageObject","inLanguage":"es","@id":"https:\/\/www.halyardhealth.com\/es\/soluciones\/soluciones-para-la-cadena-de-suministro#primaryimage","url":"https:\/\/www.halyardhealth.com\/wp-content\/uploads\/halyard-health-sails.jpg","contentUrl":"https:\/\/www.halyardhealth.com\/wp-content\/uploads\/halyard-health-sails.jpg","width":225,"height":225,"caption":"Halyard Health"},{"@type":"BreadcrumbList","@id":"https:\/\/www.halyardhealth.com\/es\/soluciones\/soluciones-para-la-cadena-de-suministro#breadcrumb","itemListElement":[{"@type":"ListItem","position":1,"name":"Home","item":"https:\/\/www.halyardhealth.com\/es"},{"@type":"ListItem","position":2,"name":"Soluciones","item":"https:\/\/www.halyardhealth.com\/es?page_id=110"},{"@type":"ListItem","position":3,"name":"Soluciones para la cadena de suministro"}]},{"@type":"WebSite","@id":"https:\/\/www.halyardhealth.com\/es#website","url":"https:\/\/www.halyardhealth.com\/es","name":"HALYARD Products","description":"HALYARD Products","publisher":{"@id":"https:\/\/www.halyardhealth.com\/es#organization"},"alternateName":"HALYARD Global Products","potentialAction":[{"@type":"SearchAction","target":{"@type":"EntryPoint","urlTemplate":"https:\/\/www.halyardhealth.com\/es?s={search_term_string}"},"query-input":{"@type":"PropertyValueSpecification","valueRequired":true,"valueName":"search_term_string"}}],"inLanguage":"es"},{"@type":"Organization","@id":"https:\/\/www.halyardhealth.com\/es#organization","name":"Owens & Minor Global Products","url":"https:\/\/www.halyardhealth.com\/es","logo":{"@type":"ImageObject","inLanguage":"es","@id":"https:\/\/www.halyardhealth.com\/es#\/schema\/logo\/image\/","url":"https:\/\/www.halyardhealth.com\/wp-content\/uploads\/2020\/09\/owens-minor-halyard.png","contentUrl":"https:\/\/www.halyardhealth.com\/wp-content\/uploads\/2020\/09\/owens-minor-halyard.png","width":660,"height":123,"caption":"Owens & Minor Global Products"},"image":{"@id":"https:\/\/www.halyardhealth.com\/es#\/schema\/logo\/image\/"},"sameAs":["https:\/\/www.facebook.com\/halyardhealth","https:\/\/x.com\/halyardhealth","https:\/\/www.linkedin.com\/company\/halyard-health","https:\/\/www.youtube.com\/halyardhealth"]}]}},"publishpress_future_action":{"enabled":false,"date":"2026-04-16 00:19:56","action":"change-status","newStatus":"draft","terms":[],"taxonomy":"translation_priority","extraData":[]},"publishpress_future_workflow_manual_trigger":{"enabledWorkflows":[]},"_links":{"self":[{"href":"https:\/\/www.halyardhealth.com\/es\/wp-json\/wp\/v2\/pages\/1300243","targetHints":{"allow":["GET"]}}],"collection":[{"href":"https:\/\/www.halyardhealth.com\/es\/wp-json\/wp\/v2\/pages"}],"about":[{"href":"https:\/\/www.halyardhealth.com\/es\/wp-json\/wp\/v2\/types\/page"}],"author":[{"embeddable":true,"href":"https:\/\/www.halyardhealth.com\/es\/wp-json\/wp\/v2\/users\/2"}],"replies":[{"embeddable":true,"href":"https:\/\/www.halyardhealth.com\/es\/wp-json\/wp\/v2\/comments?post=1300243"}],"version-history":[{"count":0,"href":"https:\/\/www.halyardhealth.com\/es\/wp-json\/wp\/v2\/pages\/1300243\/revisions"}],"up":[{"embeddable":true,"href":"https:\/\/www.halyardhealth.com\/es\/wp-json\/wp\/v2\/pages\/1300034"}],"wp:featuredmedia":[{"embeddable":true,"href":"https:\/\/www.halyardhealth.com\/es\/wp-json\/wp\/v2\/media\/1301447"}],"wp:attachment":[{"href":"https:\/\/www.halyardhealth.com\/es\/wp-json\/wp\/v2\/media?parent=1300243"}],"curies":[{"name":"wp","href":"https:\/\/api.w.org\/{rel}","templated":true}]}}