{"id":1301731,"date":"2023-04-17T13:59:13","date_gmt":"2023-04-17T17:59:13","guid":{"rendered":"https:\/\/www.halyardhealth.com\/comunicacion-de-productos"},"modified":"2023-09-29T12:03:39","modified_gmt":"2023-09-29T16:03:39","slug":"comunicacion-de-productos","status":"publish","type":"page","link":"https:\/\/www.halyardhealth.com\/es\/comunicacion-de-productos","title":{"rendered":"Comunicaci\u00f3n de productos"},"content":{"rendered":"<div class=\"wpb-content-wrapper\"><p>[vc_row row_type=\u00bbpage-hero\u00bb row_text_color=\u00bbtext-light\u00bb hero_size=\u00bbsmall\u00bb full_width=\u00bbstretch_row\u00bb content_placement=\u00bbmiddle\u00bb css=\u00bb.vc_custom_1681754084961{background-image: url(https:\/\/www.halyardhealth.com\/wp-content\/uploads\/revslider\/video-media\/Website_test-3_2-scaled.jpeg?id=807525) !important;}\u00bb][vc_column]<div class=''><h1 class='      ' style='max-width: 100%; display:inline-block;' >Comunicaci\u00f3n de productos<\/h1><\/div><div class=''><h2 class='      ' style='max-width: 100%; display:inline-block;' >ACTUALIZADO: Recomendaciones para consumidores, proveedores de asistencia sanitaria y centros en relaci\u00f3n con determinados respiradores quir\u00fargicos N95 por O&amp;M Halyard<\/h2><\/div>[\/vc_column][\/vc_row][vc_row row_padding_top=\u00bbpt-2&#8243;][vc_column][vc_column_text]Nos complace notificar a los clientes que O&amp;M Halyard est\u00e1 reanudando las ventas y los env\u00edos de los c\u00f3digos de producto HALYARD* N95 enumerados en la tabla siguiente.<\/p>\n<p>Los usuarios pueden ahora hacer caso omiso de las recomendaciones anteriores de llevar una pantalla facial adem\u00e1s de un respirador HALYARD* N95 para la protecci\u00f3n de barrera de fluidos contra salpicaduras, aerosoles o salpicaduras.<\/p>\n<p>Esta actualizaci\u00f3n es el resultado de extensas pruebas y datos de rendimiento revisados por el NIOSH y la FDA que demuestran que las mascarillas quir\u00fargicas HALYARD* N95 siguen proporcionando los niveles nominales de filtraci\u00f3n de part\u00edculas y resistencia a los fluidos.<\/p>\n<p>Esta actualizaci\u00f3n se aplica a los modelos N95 enumerados en la tabla siguiente:[\/vc_column_text][vc_column_text]\n<table id=\"tablepress-16\" class=\"tablepress tablepress-id-16\">\n<thead>\n<tr class=\"row-1\">\n\t<th class=\"column-1\"><strong>Model Name<\/strong><\/th><th class=\"column-2\"><strong>Model Number<\/strong><\/th><th class=\"column-3\"><strong>NIOSH Approval<br># TC -<\/strong><\/th>\n<\/tr>\n<\/thead>\n<tbody class=\"row-striping row-hover\">\n<tr class=\"row-2\">\n\t<td class=\"column-1\">FLUIDSHIELD* 3 N95 Particulate Filter Respirator and Surgical Mask, Orange, with SO SOFT* Lining, Regular Size<\/td><td class=\"column-2\">46727<\/td><td class=\"column-3\">84A-7521<\/td>\n<\/tr>\n<tr class=\"row-3\">\n\t<td class=\"column-1\">FLUIDSHIELD* 3 N95 Particulate Filter Respirator and Surgical Mask, Orange, with SO SOFT* Lining, Small Size<\/td><td class=\"column-2\">46827<\/td><td class=\"column-3\">84A-7518<\/td>\n<\/tr>\n<tr class=\"row-4\">\n\t<td class=\"column-1\">FLUIDSHIELD* 3 N95 Particulate Filter Respirator and Surgical Mask with Safety Seal and SO SOFT* Lining, Orange, Regular Size<\/td><td class=\"column-2\">46767<\/td><td class=\"column-3\">84A-7523<\/td>\n<\/tr>\n<tr class=\"row-5\">\n\t<td class=\"column-1\">FLUIDSHIELD* 3 N95 Particulate Filter Respirator and Surgical Mask with Safety Seal and SO SOFT* Lining, Orange, Small Size<\/td><td class=\"column-2\">46867<\/td><td class=\"column-3\">84A-7520<\/td>\n<\/tr>\n<tr class=\"row-6\">\n\t<td class=\"column-1\">FLUIDSHIELD* 3 N95 Particulate Filter Respirator and Surgical Mask, Orange, with SO SOFT* Lining, Regular Size<\/td><td class=\"column-2\">76727<\/td><td class=\"column-3\">84A-7521<\/td>\n<\/tr>\n<tr class=\"row-7\">\n\t<td class=\"column-1\">FLUIDSHIELD* 3 N95 Particulate Filter Respirator and Surgical Mask, Orange, with SO SOFT* Lining, Small Size<\/td><td class=\"column-2\">76827<\/td><td class=\"column-3\">84A-7518<\/td>\n<\/tr>\n<tr class=\"row-8\">\n\t<td class=\"column-1\">FLUIDSHIELD* 3 N95 Particulate Filter Respirator and Surgical Mask with Safety Seal and SO SOFT* Lining, Orange, Regular Size<\/td><td class=\"column-2\">76767<\/td><td class=\"column-3\">84A-7523<\/td>\n<\/tr>\n<tr class=\"row-9\">\n\t<td class=\"column-1\">FLUIDSHIELD* 3 N95 Particulate Filter Respirator and Surgical Mask with Safety Seal and SO SOFT* Lining, Orange, Small Size<\/td><td class=\"column-2\">76867<\/td><td class=\"column-3\">84A-7520<\/td>\n<\/tr>\n<\/tbody>\n<\/table>\n[\/vc_column_text][vc_column_text]Como proveedor l\u00edder de protecci\u00f3n facial, sabemos que miles de centros sanitarios estadounidenses conf\u00edan cada d\u00eda en la marca HALYARD* de Owens &amp; Minor para obtener productos que ayuden a garantizar la seguridad de m\u00e9dicos y pacientes. Valoramos su colaboraci\u00f3n continua y esperamos seguir atendiendo sus necesidades de protecci\u00f3n facial. P\u00f3ngase en contacto con su gestor de cuentas de O&amp;M Halyard si tiene preguntas o necesita ayuda.<\/p>\n<p><em>Retirada voluntaria del mercado del lote #AM2164811<\/em><\/p>\n<p>El 9 de agosto de 2023, O&amp;M Halyard inici\u00f3 la retirada voluntaria de un lote de N95 por fallos en las pruebas de filtraci\u00f3n de part\u00edculas. Aunque no hemos recibido quejas ni informes relacionados con la filtraci\u00f3n de este lote, la informaci\u00f3n que figura a continuaci\u00f3n ofrece orientaci\u00f3n sobre las medidas que se aconseja tomar a los usuarios que posean productos de este lote. Nuestras pruebas internas indican que otros lotes enviados de este c\u00f3digo de producto proporcionan el nivel de filtraci\u00f3n esperado. Esta informaci\u00f3n no ha cambiado con respecto a nuestra anterior comunicaci\u00f3n al cliente y no identifica un nuevo problema o motivo de preocupaci\u00f3n.[\/vc_column_text][vc_column_text]\n<table id=\"tablepress-18\" class=\"tablepress tablepress-id-18\">\n<thead>\n<tr class=\"row-1\">\n\t<th class=\"column-1\"><strong>Model<\/strong><\/th><th class=\"column-2\"><strong>Lot Numbers<\/strong><\/th>\n<\/tr>\n<\/thead>\n<tbody class=\"row-striping row-hover\">\n<tr class=\"row-2\">\n\t<td class=\"column-1\">46827<\/td><td class=\"column-2\">AM2164811<\/td>\n<\/tr>\n<\/tbody>\n<\/table>\n<br \/>\nEl n\u00famero de lote se encuentra en la etiqueta de los c\u00f3digos de producto que se muestran a continuaci\u00f3n:[\/vc_column_text][vc_single_image image=\u00bb1301763&#8243; img_size=\u00bbfull\u00bb alignment=\u00bbcenter\u00bb][vc_column_text]<\/p>\n<ul>\n<li>Compruebe su suministro de mascarillas de respiraci\u00f3n quir\u00fargicas N95 para determinar si tiene el lote afectado del modelo indicado anteriormente.<\/li>\n<li>No utilizar respiradores del lote AM2164811 del c\u00f3digo de producto 4682780.<\/li>\n<li>Informe de cualquier problema con la calidad o el rendimiento de los respiradores al servicio de atenci\u00f3n al cliente de O&amp;M Halyard en myhalyardorders@hyh.com o llame al 1-877-425-9273 o a la FDA.<\/li>\n<\/ul>\n<p>[\/vc_column_text][\/vc_column][\/vc_row]<\/p>\n<\/div>","protected":false},"excerpt":{"rendered":"<p>[vc_row row_type=\u00bbpage-hero\u00bb row_text_color=\u00bbtext-light\u00bb hero_size=\u00bbsmall\u00bb full_width=\u00bbstretch_row\u00bb content_placement=\u00bbmiddle\u00bb css=\u00bb.vc_custom_1681754084961{background-image: url(https:\/\/www.halyardhealth.com\/wp-content\/uploads\/revslider\/video-media\/Website_test-3_2-scaled.jpeg?id=807525) !important;}\u00bb][vc_column][\/vc_column][\/vc_row][vc_row row_padding_top=\u00bbpt-2&#8243;][vc_column][vc_column_text]Nos complace notificar a los&hellip;<\/p>\n","protected":false},"author":2,"featured_media":1299790,"parent":0,"menu_order":0,"comment_status":"closed","ping_status":"closed","template":"","meta":{"_acf_changed":false,"footnotes":""},"class_list":["post-1301731","page","type-page","status-publish","has-post-thumbnail","hentry"],"acf":[],"yoast_head":"<!-- This site is optimized with the Yoast SEO plugin v27.2 - https:\/\/yoast.com\/product\/yoast-seo-wordpress\/ -->\n<title>Comunicaci\u00f3n de productos | HALYARD<\/title>\n<meta name=\"description\" content=\"Comunicaci\u00f3n de productos HALYARD Products\" \/>\n<meta name=\"robots\" content=\"index, follow, max-snippet:-1, max-image-preview:large, max-video-preview:-1\" \/>\n<link rel=\"canonical\" href=\"https:\/\/www.halyardhealth.com\/es\/comunicacion-de-productos\" \/>\n<meta property=\"og:locale\" content=\"es_ES\" \/>\n<meta property=\"og:type\" content=\"article\" \/>\n<meta property=\"og:title\" content=\"Comunicaci\u00f3n de productos | HALYARD\" \/>\n<meta property=\"og:description\" content=\"Comunicaci\u00f3n de productos HALYARD Products\" \/>\n<meta property=\"og:url\" content=\"https:\/\/www.halyardhealth.com\/es\/comunicacion-de-productos\" \/>\n<meta property=\"og:site_name\" content=\"HALYARD Products\" \/>\n<meta property=\"article:publisher\" content=\"https:\/\/www.facebook.com\/halyardhealth\" \/>\n<meta property=\"article:modified_time\" content=\"2023-09-29T16:03:39+00:00\" \/>\n<meta property=\"og:image\" content=\"https:\/\/www.halyardhealth.com\/wp-content\/uploads\/revslider\/video-media\/Website_test-3_2-scaled.jpeg\" \/>\n\t<meta property=\"og:image:width\" content=\"1800\" \/>\n\t<meta property=\"og:image:height\" content=\"1013\" \/>\n\t<meta property=\"og:image:type\" content=\"image\/jpeg\" \/>\n<meta name=\"twitter:card\" content=\"summary_large_image\" \/>\n<meta name=\"twitter:site\" content=\"@halyardhealth\" \/>\n<meta name=\"twitter:label1\" content=\"Tiempo de lectura\" \/>\n\t<meta name=\"twitter:data1\" content=\"3 minutos\" \/>\n<!-- \/ Yoast SEO plugin. -->","yoast_head_json":{"title":"Comunicaci\u00f3n de productos | HALYARD","description":"Comunicaci\u00f3n de productos HALYARD Products","robots":{"index":"index","follow":"follow","max-snippet":"max-snippet:-1","max-image-preview":"max-image-preview:large","max-video-preview":"max-video-preview:-1"},"canonical":"https:\/\/www.halyardhealth.com\/es\/comunicacion-de-productos","og_locale":"es_ES","og_type":"article","og_title":"Comunicaci\u00f3n de productos | HALYARD","og_description":"Comunicaci\u00f3n de productos HALYARD Products","og_url":"https:\/\/www.halyardhealth.com\/es\/comunicacion-de-productos","og_site_name":"HALYARD Products","article_publisher":"https:\/\/www.facebook.com\/halyardhealth","article_modified_time":"2023-09-29T16:03:39+00:00","og_image":[{"width":1800,"height":1013,"url":"https:\/\/www.halyardhealth.com\/wp-content\/uploads\/revslider\/video-media\/Website_test-3_2-scaled.jpeg","type":"image\/jpeg"}],"twitter_card":"summary_large_image","twitter_site":"@halyardhealth","twitter_misc":{"Tiempo de lectura":"3 minutos"},"schema":{"@context":"https:\/\/schema.org","@graph":[{"@type":"WebPage","@id":"https:\/\/www.halyardhealth.com\/es\/comunicacion-de-productos","url":"https:\/\/www.halyardhealth.com\/es\/comunicacion-de-productos","name":"Comunicaci\u00f3n de productos | HALYARD","isPartOf":{"@id":"https:\/\/www.halyardhealth.com\/es#website"},"primaryImageOfPage":{"@id":"https:\/\/www.halyardhealth.com\/es\/comunicacion-de-productos#primaryimage"},"image":{"@id":"https:\/\/www.halyardhealth.com\/es\/comunicacion-de-productos#primaryimage"},"thumbnailUrl":"https:\/\/www.halyardhealth.com\/wp-content\/uploads\/revslider\/video-media\/Website_test-3_2-scaled.jpeg","datePublished":"2023-04-17T17:59:13+00:00","dateModified":"2023-09-29T16:03:39+00:00","description":"Comunicaci\u00f3n de productos HALYARD Products","breadcrumb":{"@id":"https:\/\/www.halyardhealth.com\/es\/comunicacion-de-productos#breadcrumb"},"inLanguage":"es","potentialAction":[{"@type":"ReadAction","target":["https:\/\/www.halyardhealth.com\/es\/comunicacion-de-productos"]}]},{"@type":"ImageObject","inLanguage":"es","@id":"https:\/\/www.halyardhealth.com\/es\/comunicacion-de-productos#primaryimage","url":"https:\/\/www.halyardhealth.com\/wp-content\/uploads\/revslider\/video-media\/Website_test-3_2-scaled.jpeg","contentUrl":"https:\/\/www.halyardhealth.com\/wp-content\/uploads\/revslider\/video-media\/Website_test-3_2-scaled.jpeg","width":1800,"height":1013,"caption":"HALYARD Product Information"},{"@type":"BreadcrumbList","@id":"https:\/\/www.halyardhealth.com\/es\/comunicacion-de-productos#breadcrumb","itemListElement":[{"@type":"ListItem","position":1,"name":"Home","item":"https:\/\/www.halyardhealth.com\/es"},{"@type":"ListItem","position":2,"name":"Comunicaci\u00f3n de productos"}]},{"@type":"WebSite","@id":"https:\/\/www.halyardhealth.com\/es#website","url":"https:\/\/www.halyardhealth.com\/es","name":"HALYARD Products","description":"HALYARD Products","publisher":{"@id":"https:\/\/www.halyardhealth.com\/es#organization"},"alternateName":"HALYARD Global Products","potentialAction":[{"@type":"SearchAction","target":{"@type":"EntryPoint","urlTemplate":"https:\/\/www.halyardhealth.com\/es?s={search_term_string}"},"query-input":{"@type":"PropertyValueSpecification","valueRequired":true,"valueName":"search_term_string"}}],"inLanguage":"es"},{"@type":"Organization","@id":"https:\/\/www.halyardhealth.com\/es#organization","name":"Owens & Minor Global Products","url":"https:\/\/www.halyardhealth.com\/es","logo":{"@type":"ImageObject","inLanguage":"es","@id":"https:\/\/www.halyardhealth.com\/es#\/schema\/logo\/image\/","url":"https:\/\/www.halyardhealth.com\/wp-content\/uploads\/2020\/09\/owens-minor-halyard.png","contentUrl":"https:\/\/www.halyardhealth.com\/wp-content\/uploads\/2020\/09\/owens-minor-halyard.png","width":660,"height":123,"caption":"Owens & Minor Global Products"},"image":{"@id":"https:\/\/www.halyardhealth.com\/es#\/schema\/logo\/image\/"},"sameAs":["https:\/\/www.facebook.com\/halyardhealth","https:\/\/x.com\/halyardhealth","https:\/\/www.linkedin.com\/company\/halyard-health","https:\/\/www.youtube.com\/halyardhealth"]}]}},"publishpress_future_action":{"enabled":false,"date":"2026-04-10 12:36:50","action":"change-status","newStatus":"draft","terms":[],"taxonomy":"translation_priority","extraData":[]},"publishpress_future_workflow_manual_trigger":{"enabledWorkflows":[]},"_links":{"self":[{"href":"https:\/\/www.halyardhealth.com\/es\/wp-json\/wp\/v2\/pages\/1301731","targetHints":{"allow":["GET"]}}],"collection":[{"href":"https:\/\/www.halyardhealth.com\/es\/wp-json\/wp\/v2\/pages"}],"about":[{"href":"https:\/\/www.halyardhealth.com\/es\/wp-json\/wp\/v2\/types\/page"}],"author":[{"embeddable":true,"href":"https:\/\/www.halyardhealth.com\/es\/wp-json\/wp\/v2\/users\/2"}],"replies":[{"embeddable":true,"href":"https:\/\/www.halyardhealth.com\/es\/wp-json\/wp\/v2\/comments?post=1301731"}],"version-history":[{"count":0,"href":"https:\/\/www.halyardhealth.com\/es\/wp-json\/wp\/v2\/pages\/1301731\/revisions"}],"wp:featuredmedia":[{"embeddable":true,"href":"https:\/\/www.halyardhealth.com\/es\/wp-json\/wp\/v2\/media\/1299790"}],"wp:attachment":[{"href":"https:\/\/www.halyardhealth.com\/es\/wp-json\/wp\/v2\/media?parent=1301731"}],"curies":[{"name":"wp","href":"https:\/\/api.w.org\/{rel}","templated":true}]}}