{"id":1300130,"date":"2020-08-10T17:30:11","date_gmt":"2020-08-10T21:30:11","guid":{"rendered":"https:\/\/www.halyardhealth.com\/solucoes\/solucoes-clinicas"},"modified":"2022-08-26T11:16:20","modified_gmt":"2022-08-26T15:16:20","slug":"solucoes-clinicas","status":"publish","type":"page","link":"https:\/\/www.halyardhealth.com\/pt-br\/solucoes-clinicas","title":{"rendered":"Solu\u00e7\u00f5es cl\u00ednicas"},"content":{"rendered":"<div class=\"wpb-content-wrapper\"><p>[vc_row row_type=&#8221;page-hero&#8221; full_width=&#8221;stretch_row&#8221; content_placement=&#8221;middle&#8221; css=&#8221;.vc_custom_1593697722137{background-image: url(https:\/\/www.halyardhealth.com\/wp-content\/uploads\/2020\/07\/HYH_63357_HCW.png?id=171) !important;background-position: center !important;background-repeat: no-repeat !important;background-size: cover !important;}&#8221;][vc_column width=&#8221;5\/6&#8243;]<div class=''><h3 class='text-white      ' style='max-width: 100%; display:inline-block;' >Clinical Solutions<\/h3><\/div><div class=''><h1 class='text-white    display-1  ' style='max-width: 100%; display:inline-block;' >Solutions for<br \/>\nToday's Challenges<\/h1><\/div><div class=''><p class='text-white    lead  ' style='max-width: 100%; display:inline-block;' >Learn more about our clinical solutions below.<\/p><\/div><div class='wpb_content_element text-left btn-container'>\n  <a class='btn btn-primary   '\n    href='#contact' target='' data-toggle=''>\n    <span>Questions? Contact a Rep<\/span>\n  <\/a><\/div>\n[\/vc_column][vc_column width=&#8221;1\/6&#8243;][\/vc_column][\/vc_row][vc_row row_padding_bottom=&#8221;pb-3&#8243; full_width=&#8221;stretch_row&#8221;][vc_column]<div class=''><h2 class='     ruled ' style='max-width: 100%; display:inline-block;' >Solutions<\/h2><\/div>\n<div class=\"row\">\n      <div class=\"col-md-6 col-lg-4 mb-3\">\n    <div class=\"image-card\" style=\"background-image: url('https:\/\/www.halyardhealth.com\/wp-content\/uploads\/2020\/08\/2016-EMS-banner-art-REVISED-scaled.jpg')\">\n      <a class=\"full-link\" href=\"https:\/\/www.halyardhealth.com\/pt-br\/solucoes-clinicas\/proteccao-de-primeiros-socorros\" aria-labelledby=\"label-69e4ecaaa1d0c\" aria-describedby=\"description-69e4ecaaa1d0c\"><span class=\"sr-only\" id=\"description-69e4ecaaa1d0c\">Protec\u00e7\u00e3o de Primeiros Socorros<\/span><\/a>\n      <div class=\"card-content\">\n                <div class=\"card-type\">\n          Solu\u00e7\u00f5es cl\u00ednicas        <\/div>\n                <div class=\"card-title\">\n          Protec\u00e7\u00e3o de Primeiros Socorros        <\/div>\n        <div class=\"card-description mb-3\">\n          <p>Os profissionais da EMS e da aplica\u00e7\u00e3o da lei correm um risco elevado de serem expostos a toxinas perigosas de&#8230;<\/p>\n        <\/div>\n      <\/div>\n      <div class=\"read-more-link\">\n        <span class=\"link-text-auto-hide\" id=\"label-69e4ecaaa1d0c\">READ MORE<\/span>&nbsp;<i class=\"fas fa-arrow-right\" aria-hidden=\"true\"><\/i>\n      <\/div>\n\n    <\/div>\n  <\/div>\n\n      <div class=\"col-md-6 col-lg-4 mb-3\">\n    <div class=\"image-card\" style=\"background-image: url('https:\/\/www.halyardhealth.com\/wp-content\/uploads\/2020\/11\/Bedside-Nurse-Website-Image-1280px.jpg')\">\n      <a class=\"full-link\" href=\"https:\/\/www.halyardhealth.com\/pt-br\/solucoes-clinicas\/proteccao-do-pessoal\" aria-labelledby=\"label-69e4ecaaa2cb0\" aria-describedby=\"description-69e4ecaaa2cb0\"><span class=\"sr-only\" id=\"description-69e4ecaaa2cb0\">Prote\u00e7\u00e3o do pessoal<\/span><\/a>\n      <div class=\"card-content\">\n                <div class=\"card-type\">\n          Solu\u00e7\u00f5es cl\u00ednicas        <\/div>\n                <div class=\"card-title\">\n          Prote\u00e7\u00e3o do pessoal        <\/div>\n        <div class=\"card-description mb-3\">\n          <p>Guias de equipamento de prote\u00e7\u00e3o individual e produtos para os trabalhadores da linha da frente para ajudar a reduzir o&#8230;<\/p>\n        <\/div>\n      <\/div>\n      <div class=\"read-more-link\">\n        <span class=\"link-text-auto-hide\" id=\"label-69e4ecaaa2cb0\">READ MORE<\/span>&nbsp;<i class=\"fas fa-arrow-right\" aria-hidden=\"true\"><\/i>\n      <\/div>\n\n    <\/div>\n  <\/div>\n\n  <\/div>\n\n[\/vc_column][\/vc_row][vc_row row_padding_top=&#8221;pt-3&#8243; full_width=&#8221;stretch_row&#8221;][vc_column width=&#8221;7\/12&#8243;]<div class=''><h2 class='     ruled ' style='max-width: 100%; display:inline-block;' >Articles &amp; Resources<\/h2><\/div>\n      <div class=\"post-list\">\n\t\t\t\t\t\t\t\t\t<div class=\"post-list-item\">\n\t\t\t\t\t\t<a class=\"full-link\" href=\"https:\/\/www.halyardhealth.com\/pt-br\/articles\/tabuleiros-de-procedimentos-personalizados\/5-perguntas-que-voce-deve-fazer-ao-seu-provedor-de-cpt\"><\/a>\n            <div class=\"py-2\">\n              <div class=\"post-terms h6\">\n                              <\/div>\n              <div class=\"post-title h3\">5 perguntas que voc\u00ea deve fazer ao seu provedor de CPT<\/div>\n            <\/div>\n            <div class=\"read-more-link\">\n              <i class=\"fas fa-arrow-right\" aria-hidden=\"true\"><\/i>\n            <\/div>\n\t\t\t\t\t<\/div>\n\t\t\t\t\t\t\t\t\t<div class=\"post-list-item\">\n\t\t\t\t\t\t<a class=\"full-link\" href=\"https:\/\/www.halyardhealth.com\/pt-br\/articles\/proteccao-dos-olhos\/nocoes-basicas-de-protecao-dos-olhos\"><\/a>\n            <div class=\"py-2\">\n              <div class=\"post-terms h6\">\n                              <\/div>\n              <div class=\"post-title h3\">No\u00e7\u00f5es b\u00e1sicas de prote\u00e7\u00e3o dos olhos<\/div>\n            <\/div>\n            <div class=\"read-more-link\">\n              <i class=\"fas fa-arrow-right\" aria-hidden=\"true\"><\/i>\n            <\/div>\n\t\t\t\t\t<\/div>\n\t\t\t\t\t\t\t\t\t<div class=\"post-list-item\">\n\t\t\t\t\t\t<a class=\"full-link\" href=\"https:\/\/www.halyardhealth.com\/pt-br\/articles\/proteccao-facial\/pandemia-revela-novas-preocupacoes-sobre-os-produtos-de-proteccao-facial\"><\/a>\n            <div class=\"py-2\">\n              <div class=\"post-terms h6\">\n                              <\/div>\n              <div class=\"post-title h3\">Pandemia Revela Novas Preocupa\u00e7\u00f5es sobre Produtos de Protec\u00e7\u00e3o Facial<\/div>\n            <\/div>\n            <div class=\"read-more-link\">\n              <i class=\"fas fa-arrow-right\" aria-hidden=\"true\"><\/i>\n            <\/div>\n\t\t\t\t\t<\/div>\n\t\t\t\t\t\t\t<\/div>\n\n\t\t[\/vc_column][vc_column width=&#8221;5\/12&#8243;]  <div class=\"featured-card\">\n    <a class=\"full-link\" href=\"https:\/\/www.halyardhealth.com\/articles\/chemotherapy\/5-five-things-you-need-to-know-about-protecting-yourself-from-chemotherapy-drugs\/\" target=\"_blank\"><\/a>\n    <div class=\"card-img\" style=\"background-image:url(https:\/\/www.halyardhealth.com\/wp-content\/uploads\/chemotherapy-faceshield-320x180.jpg);\">\n              <div class=\"card-tag\">Featured<\/div>\n          <\/div>\n\n    <div class=\"card-content\">\n\n\n      <div class=\"card-title h3\">5 Things You Need to Know About Protecting Yourself from Chemotherapy Drugs<\/div>\n      <div class=\"card-description\">\n        [vc_row full_width=&#8221;stretch_row&#8221;][vc_column][vc_row_inner][vc_column_inner el_class=&#8221;pr-md-5&#8243; offset=&#8221;vc_col-lg-8 vc_col-md-12 vc_col-xs-12&#8243;][vc_column_text]Healthcare workers are incredible. They show up to work&hellip;      <\/div>\n    <\/div>\n    <div class=\"read-more-link\">\n      <span class=\"text-uppercase\">READ MORE<\/span>&nbsp;<i class=\"fas fa-arrow-right\"><\/i>\n    <\/div>\n  <\/div>\n  [\/vc_column][\/vc_row][vc_row row_type=&#8221;split-row&#8221; full_width=&#8221;stretch_row_content&#8221; content_placement=&#8221;middle&#8221;][vc_column width=&#8221;1\/2&#8243; col_padding_left=&#8221;pl-0&#8243; col_padding_right=&#8221;pr-0&#8243;]<div class='text-center'><p class='text-navyblue mb-0 mt-4  h3  ' style='max-width: 100%; display:inline-block;' >Experienced, Hospital-Trained and Credentialed<\/p><\/div><div class='text-center'><h2 class='text-navyblue    display-1  ' style='max-width: 100%; display:inline-block;' >15 Years<\/h2><\/div><div class='text-center'><h5 class='text-navyblue      ' style='max-width: 100%; display:inline-block;' >30% of the Owens &amp; Minor Global Products Sales Team has been with the company for over 15 years.<\/h5><\/div><div class='wpb_content_element text-center btn-container'>\n  <a class='btn btn-secondary   '\n    href='#contact' target='' data-toggle=''>\n    <span>Contact A Sales Rep<\/span>\n  <\/a><\/div>\n[\/vc_column][vc_column width=&#8221;1\/2&#8243; el_class=&#8221;bg-lightgray&#8221;]<div class='text-center'><h2 class='     ruled ' style='max-width: 100%; display:inline-block;' >Products<\/h2><\/div><div class='text-center'><h5 class='text-navyblue      ' style='max-width: 100%; display:inline-block;' >With over 5,000 HALYARD*, MediChoice\u00ae and Medical Action\u2122 products, Owens &amp; Minor has the supplies and services you need to keep your staff protected and your business running efficiently.<\/h5><\/div><div class='wpb_content_element text-center btn-container'>\n  <a class='btn btn-primary   '\n    href='https:\/\/products.halyardhealth.com\/' target='_blank' data-toggle=''>\n    <span>View Product Catalog<\/span>\n  <\/a><\/div>\n[\/vc_column][\/vc_row][vc_row row_type=&#8221;bg-solid&#8221; row_bg_color=&#8221;bg-marks&#8221; full_width=&#8221;stretch_row&#8221; el_class=&#8221;bg-navyblue&#8221;][vc_column]<div class='text-center'><h2 class='     ruled ' style='max-width: 100%; display:inline-block;' >Featured Products<\/h2><\/div>[vc_row_inner][vc_column_inner width=&#8221;1\/4&#8243;]<div class=\"product-card\">\n  <a class=\"full-link\"  href='https:\/\/products.halyardhealth.com\/surgical-solutions\/sterilization-solutions\/sterilization-wraps\/halyard-smart-fold-sterilization-wrap.html' target='' aria-labelledby=\"label-69e4ecaaaeba9\" aria-describedby=\"description-69e4ecaaaeba9\"><span class=\"sr-only\" id=\"description-69e4ecaaaeba9\">SMART-FOLD* Sterilization Wrap<\/span><\/a>\n  <div class=\"card-img\" style=\"background-image:url(https:\/\/www.halyardhealth.com\/wp-content\/uploads\/2020\/08\/wrap_inspection_259x348.jpg);\">\n    <span class=\"sr-only\" role=\"img\" aria-label=\"SMART-FOLD* Sterilization Wrap thumbnail\"> <\/span>\n\n  <\/div>\n  <div class=\"card-content\">\n    <h3 class=\"card-title\">SMART-FOLD* Sterilization Wrap<\/h3>\n    <div class=\"card-description\">\n      Features POWERGUARD* technology, for the highest level of bacterial filtration effectiveness\u201499.9%.    <\/div>\n  <\/div>\n  <div class=\"read-more-link text-uppercase\">\n    <span class=\"auto-hide-text\" id=\"label-69e4ecaaaeba9\">View Product<\/span><i class=\"fas fa-arrow-right\" aria-hidden=\"true\"><\/i>\n  <\/div>\n<\/div>\n[\/vc_column_inner][vc_column_inner width=&#8221;1\/4&#8243;]<div class=\"product-card\">\n  <a class=\"full-link\"  href='https:\/\/products.halyardhealth.com\/infection-prevention\/facial-respiratory-protection\/masks-respirators\/fluidshield-n95-particulate-filter-respirator-and-surgical-mask.html' target='_blank' aria-labelledby=\"label-69e4ecaaaf1b9\" aria-describedby=\"description-69e4ecaaaf1b9\"><span class=\"sr-only\" id=\"description-69e4ecaaaf1b9\">FLUIDSHIELD* Surgical N95 Respirator Mask<\/span><\/a>\n  <div class=\"card-img\" style=\"background-image:url(https:\/\/www.halyardhealth.com\/wp-content\/uploads\/2020\/11\/fluidshield__n95_particulate_filter_respirator_and_surgical_mask.jpg);\">\n    <span class=\"sr-only\" role=\"img\" aria-label=\"FLUIDSHIELD* Surgical N95 Respirator Mask thumbnail\"> <\/span>\n\n  <\/div>\n  <div class=\"card-content\">\n    <h3 class=\"card-title\">FLUIDSHIELD* Surgical N95 Respirator Mask<\/h3>\n    <div class=\"card-description\">\n      Highest splash resistance available, bacterial filtration efficiency of \u2265 99%    <\/div>\n  <\/div>\n  <div class=\"read-more-link text-uppercase\">\n    <span class=\"auto-hide-text\" id=\"label-69e4ecaaaf1b9\">View Product<\/span><i class=\"fas fa-arrow-right\" aria-hidden=\"true\"><\/i>\n  <\/div>\n<\/div>\n[\/vc_column_inner][vc_column_inner width=&#8221;1\/4&#8243;]<div class=\"product-card\">\n  <a class=\"full-link\"  href='https:\/\/products.halyardhealth.com\/infection-prevention\/protective-apparel\/protective-gowns\/halyard-basics-tri-layer-aami2-over-the-head-isolation-gown.html?sku=43008' target='_blank' aria-labelledby=\"label-69e4ecaaaf377\" aria-describedby=\"description-69e4ecaaaf377\"><span class=\"sr-only\" id=\"description-69e4ecaaaf377\">HALYARD* BASICS* Tri-Layer AAMI2 Over-The-Head Isolation Gown<\/span><\/a>\n  <div class=\"card-img\" style=\"background-image:url(https:\/\/www.halyardhealth.com\/wp-content\/uploads\/2020\/11\/halyard__basics__tri-layer_aami2_over-the-head_isolation_gown_1_2.jpg);\">\n    <span class=\"sr-only\" role=\"img\" aria-label=\"HALYARD* BASICS* Tri-Layer AAMI2 Over-The-Head Isolation Gown thumbnail\"> <\/span>\n\n  <\/div>\n  <div class=\"card-content\">\n    <h3 class=\"card-title\">HALYARD* BASICS* Tri-Layer AAMI2 Over-The-Head Isolation Gown<\/h3>\n    <div class=\"card-description\">\n      Gives clinicians the protection and comfort they need to deliver the best possible patient care.    <\/div>\n  <\/div>\n  <div class=\"read-more-link text-uppercase\">\n    <span class=\"auto-hide-text\" id=\"label-69e4ecaaaf377\">View Product<\/span><i class=\"fas fa-arrow-right\" aria-hidden=\"true\"><\/i>\n  <\/div>\n<\/div>\n[\/vc_column_inner][vc_column_inner width=&#8221;1\/4&#8243;]<div class=\"product-card\">\n  <a class=\"full-link\"  href='https:\/\/products.halyardhealth.com\/infection-prevention\/medical-exam-gloves\/nitrile\/purple-nitrile-xtra-exam-glove.html' target='_blank' aria-labelledby=\"label-69e4ecaaaf4df\" aria-describedby=\"description-69e4ecaaaf4df\"><span class=\"sr-only\" id=\"description-69e4ecaaaf4df\">PURPLE NITRILE-XTRA* Exam Glove<\/span><\/a>\n  <div class=\"card-img\" style=\"background-image:url(https:\/\/www.halyardhealth.com\/wp-content\/uploads\/2020\/08\/purple-nitrile-xtra-exam-glove.jpg);\">\n    <span class=\"sr-only\" role=\"img\" aria-label=\"PURPLE NITRILE-XTRA* Exam Glove thumbnail\"> <\/span>\n\n  <\/div>\n  <div class=\"card-content\">\n    <h3 class=\"card-title\">PURPLE NITRILE-XTRA* Exam Glove<\/h3>\n    <div class=\"card-description\">\n      Frequently the glove of choice for healthcare workers who need outstanding barrier protection.    <\/div>\n  <\/div>\n  <div class=\"read-more-link text-uppercase\">\n    <span class=\"auto-hide-text\" id=\"label-69e4ecaaaf4df\">View Product<\/span><i class=\"fas fa-arrow-right\" aria-hidden=\"true\"><\/i>\n  <\/div>\n<\/div>\n[\/vc_column_inner][\/vc_row_inner][\/vc_column][\/vc_row][vc_row full_width=&#8221;stretch_row&#8221; el_id=&#8221;contacto&#8221;][vc_column]<div class='text-center mx-auto'><h2 class='     ruled ' style='max-width: 100%; display:inline-block;' >Have Questions?<\/h2><\/div>[vc_raw_html]PHNjcmlwdCBzcmM9Ii8vaW5mby5oYWx5YXJkaGVhbHRoLmNvbS9qcy9mb3JtczIvanMvZm9ybXMyLm1pbi5qcyI+PC9zY3JpcHQ+PGZvcm0gaWQ9Im1rdG9Gb3JtXzE2OTQiPjwvZm9ybT48c2NyaXB0Pk1rdG9Gb3JtczIubG9hZEZvcm0oIi8vaW5mby5oYWx5YXJkaGVhbHRoLmNvbSIsICI3OTgtTFVLLTczMSIsIDE2OTQpOzwvc2NyaXB0Pg==[\/vc_raw_html][\/vc_column][\/vc_row]<\/p>\n<\/div>","protected":false},"excerpt":{"rendered":"<p>SOLU\u00c7\u00d5ES PARA OS DESAFIOS DE HOJE Saiba mais sobre as solu\u00e7\u00f5es cl\u00ednicas da Halyard<\/p>\n","protected":false},"author":2,"featured_media":1297867,"parent":0,"menu_order":0,"comment_status":"closed","ping_status":"closed","template":"","meta":{"_acf_changed":false,"footnotes":""},"class_list":["post-1300130","page","type-page","status-publish","has-post-thumbnail","hentry"],"acf":[],"yoast_head":"<!-- This site is optimized with the Yoast SEO plugin v27.2 - https:\/\/yoast.com\/product\/yoast-seo-wordpress\/ -->\n<title>Solu\u00e7\u00f5es cl\u00ednicas para os desafios de hoje | HALYARD<\/title>\n<meta name=\"description\" content=\"Solu\u00e7\u00f5es cl\u00ednicas para os desafios de hoje. Saiba mais sobre as solu\u00e7\u00f5es cl\u00ednicas de HALYARD.\" \/>\n<meta name=\"robots\" content=\"index, follow, max-snippet:-1, max-image-preview:large, max-video-preview:-1\" \/>\n<link rel=\"canonical\" href=\"https:\/\/www.halyardhealth.com\/pt-br\/solucoes-clinicas\" \/>\n<meta property=\"og:locale\" content=\"pt_BR\" \/>\n<meta property=\"og:type\" content=\"article\" \/>\n<meta property=\"og:title\" content=\"Solu\u00e7\u00f5es cl\u00ednicas para os desafios de hoje | HALYARD\" \/>\n<meta property=\"og:description\" content=\"Solu\u00e7\u00f5es cl\u00ednicas para os desafios de hoje. Saiba mais sobre as solu\u00e7\u00f5es cl\u00ednicas de HALYARD.\" \/>\n<meta property=\"og:url\" content=\"https:\/\/www.halyardhealth.com\/pt-br\/solucoes-clinicas\" \/>\n<meta property=\"og:site_name\" content=\"HALYARD Products\" \/>\n<meta property=\"article:publisher\" content=\"https:\/\/www.facebook.com\/halyardhealth\" \/>\n<meta property=\"article:modified_time\" content=\"2022-08-26T15:16:20+00:00\" \/>\n<meta property=\"og:image\" content=\"https:\/\/www.halyardhealth.com\/wp-content\/uploads\/2020\/07\/HYH_63357_HCW.png\" \/>\n\t<meta property=\"og:image:width\" content=\"1280\" \/>\n\t<meta property=\"og:image:height\" content=\"842\" \/>\n\t<meta property=\"og:image:type\" content=\"image\/png\" \/>\n<meta name=\"twitter:card\" content=\"summary_large_image\" \/>\n<meta name=\"twitter:site\" content=\"@halyardhealth\" \/>\n<meta name=\"twitter:label1\" content=\"Est. tempo de leitura\" \/>\n\t<meta name=\"twitter:data1\" content=\"4 minutos\" \/>\n<!-- \/ Yoast SEO plugin. -->","yoast_head_json":{"title":"Solu\u00e7\u00f5es cl\u00ednicas para os desafios de hoje | HALYARD","description":"Solu\u00e7\u00f5es cl\u00ednicas para os desafios de hoje. Saiba mais sobre as solu\u00e7\u00f5es cl\u00ednicas de HALYARD.","robots":{"index":"index","follow":"follow","max-snippet":"max-snippet:-1","max-image-preview":"max-image-preview:large","max-video-preview":"max-video-preview:-1"},"canonical":"https:\/\/www.halyardhealth.com\/pt-br\/solucoes-clinicas","og_locale":"pt_BR","og_type":"article","og_title":"Solu\u00e7\u00f5es cl\u00ednicas para os desafios de hoje | HALYARD","og_description":"Solu\u00e7\u00f5es cl\u00ednicas para os desafios de hoje. Saiba mais sobre as solu\u00e7\u00f5es cl\u00ednicas de HALYARD.","og_url":"https:\/\/www.halyardhealth.com\/pt-br\/solucoes-clinicas","og_site_name":"HALYARD Products","article_publisher":"https:\/\/www.facebook.com\/halyardhealth","article_modified_time":"2022-08-26T15:16:20+00:00","og_image":[{"width":1280,"height":842,"url":"https:\/\/www.halyardhealth.com\/wp-content\/uploads\/2020\/07\/HYH_63357_HCW.png","type":"image\/png"}],"twitter_card":"summary_large_image","twitter_site":"@halyardhealth","twitter_misc":{"Est. tempo de leitura":"4 minutos"},"schema":{"@context":"https:\/\/schema.org","@graph":[{"@type":"WebPage","@id":"https:\/\/www.halyardhealth.com\/pt-br\/solucoes-clinicas","url":"https:\/\/www.halyardhealth.com\/pt-br\/solucoes-clinicas","name":"Solu\u00e7\u00f5es cl\u00ednicas para os desafios de hoje | HALYARD","isPartOf":{"@id":"https:\/\/www.halyardhealth.com\/pt-br#website"},"primaryImageOfPage":{"@id":"https:\/\/www.halyardhealth.com\/pt-br\/solucoes-clinicas#primaryimage"},"image":{"@id":"https:\/\/www.halyardhealth.com\/pt-br\/solucoes-clinicas#primaryimage"},"thumbnailUrl":"https:\/\/www.halyardhealth.com\/wp-content\/uploads\/2020\/07\/HYH_63357_HCW.png","datePublished":"2020-08-10T21:30:11+00:00","dateModified":"2022-08-26T15:16:20+00:00","description":"Solu\u00e7\u00f5es cl\u00ednicas para os desafios de hoje. Saiba mais sobre as solu\u00e7\u00f5es cl\u00ednicas de HALYARD.","breadcrumb":{"@id":"https:\/\/www.halyardhealth.com\/pt-br\/solucoes-clinicas#breadcrumb"},"inLanguage":"pt-BR","potentialAction":[{"@type":"ReadAction","target":["https:\/\/www.halyardhealth.com\/pt-br\/solucoes-clinicas"]}]},{"@type":"ImageObject","inLanguage":"pt-BR","@id":"https:\/\/www.halyardhealth.com\/pt-br\/solucoes-clinicas#primaryimage","url":"https:\/\/www.halyardhealth.com\/wp-content\/uploads\/2020\/07\/HYH_63357_HCW.png","contentUrl":"https:\/\/www.halyardhealth.com\/wp-content\/uploads\/2020\/07\/HYH_63357_HCW.png","width":1280,"height":842},{"@type":"BreadcrumbList","@id":"https:\/\/www.halyardhealth.com\/pt-br\/solucoes-clinicas#breadcrumb","itemListElement":[{"@type":"ListItem","position":1,"name":"Home","item":"https:\/\/www.halyardhealth.com\/pt-br"},{"@type":"ListItem","position":2,"name":"Solu\u00e7\u00f5es","item":"https:\/\/www.halyardhealth.com\/pt-br?page_id=110"},{"@type":"ListItem","position":3,"name":"Solu\u00e7\u00f5es cl\u00ednicas"}]},{"@type":"WebSite","@id":"https:\/\/www.halyardhealth.com\/pt-br#website","url":"https:\/\/www.halyardhealth.com\/pt-br","name":"HALYARD Products","description":"HALYARD Products","publisher":{"@id":"https:\/\/www.halyardhealth.com\/pt-br#organization"},"alternateName":"HALYARD Global Products","potentialAction":[{"@type":"SearchAction","target":{"@type":"EntryPoint","urlTemplate":"https:\/\/www.halyardhealth.com\/pt-br?s={search_term_string}"},"query-input":{"@type":"PropertyValueSpecification","valueRequired":true,"valueName":"search_term_string"}}],"inLanguage":"pt-BR"},{"@type":"Organization","@id":"https:\/\/www.halyardhealth.com\/pt-br#organization","name":"Owens & Minor Global Products","url":"https:\/\/www.halyardhealth.com\/pt-br","logo":{"@type":"ImageObject","inLanguage":"pt-BR","@id":"https:\/\/www.halyardhealth.com\/pt-br#\/schema\/logo\/image\/","url":"https:\/\/www.halyardhealth.com\/wp-content\/uploads\/2020\/09\/owens-minor-halyard.png","contentUrl":"https:\/\/www.halyardhealth.com\/wp-content\/uploads\/2020\/09\/owens-minor-halyard.png","width":660,"height":123,"caption":"Owens & Minor Global Products"},"image":{"@id":"https:\/\/www.halyardhealth.com\/pt-br#\/schema\/logo\/image\/"},"sameAs":["https:\/\/www.facebook.com\/halyardhealth","https:\/\/x.com\/halyardhealth","https:\/\/www.linkedin.com\/company\/halyard-health","https:\/\/www.youtube.com\/halyardhealth"]}]}},"publishpress_future_action":{"enabled":false,"date":"2026-04-26 10:54:34","action":"change-status","newStatus":"draft","terms":[],"taxonomy":"translation_priority","extraData":[]},"publishpress_future_workflow_manual_trigger":{"enabledWorkflows":[]},"_links":{"self":[{"href":"https:\/\/www.halyardhealth.com\/pt-br\/wp-json\/wp\/v2\/pages\/1300130","targetHints":{"allow":["GET"]}}],"collection":[{"href":"https:\/\/www.halyardhealth.com\/pt-br\/wp-json\/wp\/v2\/pages"}],"about":[{"href":"https:\/\/www.halyardhealth.com\/pt-br\/wp-json\/wp\/v2\/types\/page"}],"author":[{"embeddable":true,"href":"https:\/\/www.halyardhealth.com\/pt-br\/wp-json\/wp\/v2\/users\/2"}],"replies":[{"embeddable":true,"href":"https:\/\/www.halyardhealth.com\/pt-br\/wp-json\/wp\/v2\/comments?post=1300130"}],"version-history":[{"count":0,"href":"https:\/\/www.halyardhealth.com\/pt-br\/wp-json\/wp\/v2\/pages\/1300130\/revisions"}],"wp:featuredmedia":[{"embeddable":true,"href":"https:\/\/www.halyardhealth.com\/pt-br\/wp-json\/wp\/v2\/media\/1297867"}],"wp:attachment":[{"href":"https:\/\/www.halyardhealth.com\/pt-br\/wp-json\/wp\/v2\/media?parent=1300130"}],"curies":[{"name":"wp","href":"https:\/\/api.w.org\/{rel}","templated":true}]}}