{"id":1300259,"date":"2020-11-23T14:13:15","date_gmt":"2020-11-23T19:13:15","guid":{"rendered":"https:\/\/www.halyardhealth.com\/solucoes\/solucoes-para-a-cadeia-de-fornecimento"},"modified":"2022-08-26T11:17:40","modified_gmt":"2022-08-26T15:17:40","slug":"solucoes-para-a-cadeia-de-fornecimento","status":"publish","type":"page","link":"https:\/\/www.halyardhealth.com\/pt-br\/solucoes\/solucoes-para-a-cadeia-de-fornecimento","title":{"rendered":"Solu\u00e7\u00f5es para a cadeia de fornecimento"},"content":{"rendered":"<div class=\"wpb-content-wrapper\"><p>[vc_row row_type=&#8221;page-hero&#8221; full_width=&#8221;stretch_row&#8221; content_placement=&#8221;middle&#8221; css=&#8221;.vc_custom_1611325724085{background-image: url(https:\/\/www.halyardhealth.com\/wp-content\/uploads\/om-halyard-supply-chain.jpg?id=5602) !important;background-position: center !important;background-repeat: no-repeat !important;background-size: cover !important;}&#8221;][vc_column width=&#8221;2\/3&#8243;]<div class=''><h1 class='text-white    display-1  ' style='max-width: 100%; display:inline-block;' >Optimize<br \/> your hospital<br \/> supply chain<\/h1><\/div><div class=''><p class='text-white    lead  ' style='max-width: 100%; display:inline-block;' >Reducing costs and increasing efficiencies of your hospital supply chain is essential to ensuring quality patient centered care. See how HALYARD* can help.<\/p><\/div><div class='wpb_content_element text-left btn-container'>\n  <a class='btn btn-primary   '\n    href='\/contact-a-sales-rep\/' target='' data-toggle=''>\n    <span>Questions? Contact a Rep<\/span>\n  <\/a><\/div>\n[\/vc_column][vc_column width=&#8221;1\/3&#8243;][\/vc_column][\/vc_row][vc_section][vc_row row_padding_bottom=&#8221;pb-3&#8243; full_width=&#8221;stretch_row&#8221;][vc_column width=&#8221;1\/6&#8243;][\/vc_column][vc_column width=&#8221;2\/3&#8243;]<div class='text-center'><h2 class='     ruled ' style='max-width: 100%; display:inline-block;' >Ensure resources your healthcare workers need to do their jobs<\/h2><\/div>[vc_column_text]<\/p>\n<p style=\"text-align: center;\">Aumentar a efici\u00eancia e reduzir os custos nas cadeias de abastecimento hospitalar permite aos profissionais de sa\u00fade passar mais tempo com os pacientes e fornecer cuidados de melhor qualidade. As estrat\u00e9gias certas da cadeia de abastecimento e a selec\u00e7\u00e3o de produtos est\u00e3o a tornar-se cada vez mais cr\u00edticas para maximizar os recursos, reduzir os atrasos e melhorar a rentabilidade.<\/p>\n<p style=\"text-align: center;\"><strong>Obtenha os produtos certos na altura certa com HALYARD* Supply Chain Solutions.<\/strong><\/p>\n<p>[\/vc_column_text][\/vc_column][vc_column width=&#8221;1\/6&#8243;][\/vc_column][\/vc_row][vc_row][vc_column width=&#8221;1\/3&#8243;]<div class=\"product-card\">\n  <a class=\"full-link\"  href='https:\/\/www.halyardhealth.com\/or-efficiency' target='' aria-labelledby=\"label-69d2ad36f01c2\" aria-describedby=\"description-69d2ad36f01c2\"><span class=\"sr-only\" id=\"description-69d2ad36f01c2\">Operating Room Efficiency<\/span><\/a>\n  <div class=\"card-img\" style=\"background-image:url(https:\/\/www.halyardhealth.com\/wp-content\/uploads\/2020\/08\/OR-Delay-1.jpg);\">\n    <span class=\"sr-only\" role=\"img\" aria-label=\"Operating Room Efficiency thumbnail\"> <\/span>\n\n  <\/div>\n  <div class=\"card-content\">\n    <h3 class=\"card-title\">Operating Room Efficiency<\/h3>\n    <div class=\"card-description\">\n      The operating room contains numerous opportunities for cost saving measures for hospitals. See how Halyard can help.    <\/div>\n  <\/div>\n  <div class=\"read-more-link text-uppercase\">\n    <span class=\"auto-hide-text\" id=\"label-69d2ad36f01c2\">Learn More<\/span><i class=\"fas fa-arrow-right\" aria-hidden=\"true\"><\/i>\n  <\/div>\n<\/div>\n[\/vc_column][vc_column width=&#8221;1\/3&#8243;]<div class=\"product-card\">\n  <a class=\"full-link\"  href='https:\/\/www.halyardhealth.com\/pandemic-preparedness' target='' aria-labelledby=\"label-69d2ad36f03ab\" aria-describedby=\"description-69d2ad36f03ab\"><span class=\"sr-only\" id=\"description-69d2ad36f03ab\">Pandemic Preparedness<\/span><\/a>\n  <div class=\"card-img\" style=\"background-image:url(https:\/\/www.halyardhealth.com\/wp-content\/uploads\/2020\/11\/106495168-1587230386433gettyimages-1219387859.jpeg);\">\n    <span class=\"sr-only\" role=\"img\" aria-label=\"Pandemic Preparedness thumbnail\"> <\/span>\n\n  <\/div>\n  <div class=\"card-content\">\n    <h3 class=\"card-title\">Pandemic Preparedness<\/h3>\n    <div class=\"card-description\">\n      Our Americas-based manufacturing footprint helps to ensure a reliable supply of essential PPE, even in times of crisis.    <\/div>\n  <\/div>\n  <div class=\"read-more-link text-uppercase\">\n    <span class=\"auto-hide-text\" id=\"label-69d2ad36f03ab\">Learn More<\/span><i class=\"fas fa-arrow-right\" aria-hidden=\"true\"><\/i>\n  <\/div>\n<\/div>\n[\/vc_column][vc_column width=&#8221;1\/3&#8243;]<div class=\"product-card\">\n  <a class=\"full-link\"  href='https:\/\/www.halyardhealth.com\/sustainability' target='' aria-labelledby=\"label-69d2ad36f0cbb\" aria-describedby=\"description-69d2ad36f0cbb\"><span class=\"sr-only\" id=\"description-69d2ad36f0cbb\">Sustainability<\/span><\/a>\n  <div class=\"card-img\" style=\"background-image:url(https:\/\/www.halyardhealth.com\/wp-content\/uploads\/Belintra_Shelves_1280.jpg);\">\n    <span class=\"sr-only\" role=\"img\" aria-label=\"Sustainability thumbnail\"> <\/span>\n\n  <\/div>\n  <div class=\"card-content\">\n    <h3 class=\"card-title\">Sustainability<\/h3>\n    <div class=\"card-description\">\n      Medical facilities across the United States recycle their used, clean HALYARD* WRAP. See how Halyard can help you achieve your sustainability goals with BLUE RENEW*    <\/div>\n  <\/div>\n  <div class=\"read-more-link text-uppercase\">\n    <span class=\"auto-hide-text\" id=\"label-69d2ad36f0cbb\">Learn More<\/span><i class=\"fas fa-arrow-right\" aria-hidden=\"true\"><\/i>\n  <\/div>\n<\/div>\n[\/vc_column][\/vc_row][\/vc_section][vc_row row_type=&#8221;split-row&#8221; full_width=&#8221;stretch_row_content&#8221; content_placement=&#8221;middle&#8221;][vc_column column_type=&#8221;bg-solid&#8221; col_bg_color=&#8221;bg-navyblue&#8221; width=&#8221;1\/2&#8243; col_padding_left=&#8221;pl-0&#8243; col_padding_right=&#8221;pr-0&#8243; css=&#8221;.vc_custom_1611326376934{background-image: url(https:\/\/www.halyardhealth.com\/wp-content\/uploads\/om-halyard-sales-team.jpg?id=5605) !important;}&#8221;]<div class='text-center'><p class='text-navyblue  mt-4  h3  ' style='max-width: 100%; display:inline-block;' >Experienced, Hospital-Trained and Credentialed<\/p><\/div><div class='text-center'><h2 class='text-navyblue    display-1  ' style='max-width: 100%; display:inline-block;' >15 Years<\/h2><\/div><div class='text-center'><h5 class='text-navyblue      ' style='max-width: 100%; display:inline-block;' >30% of the Owens &amp; Minor Global Products Sales Team has been with the company for over 15 years.<\/h5><\/div><div class='wpb_content_element text-center btn-container'>\n  <a class='btn btn-secondary   '\n    href='https:\/\/www.halyardhealth.com\/contact-a-sales-rep\/' target='_blank' data-toggle=''>\n    <span>Contact A Sales Rep<\/span>\n  <\/a><\/div>\n[\/vc_column][vc_column width=&#8221;1\/2&#8243; el_class=&#8221;bg-lightgray&#8221;]<div class='text-center'><h2 class='     ruled ' style='max-width: 100%; display:inline-block;' >Products<\/h2><\/div><div class='text-center'><p class='text-navyblue    lead  ' style='max-width: 100%; display:inline-block;' >With over 5,000 products from Halyard, MediChoice and Medical Action, Owens &amp; Minor Global Products has the supplies and services you need to keep your staff protected and your business running efficiently.<\/p><\/div><div class='wpb_content_element text-center btn-container'>\n  <a class='btn btn-primary   '\n    href='https:\/\/products.halyardhealth.com\/' target='_blank' data-toggle=''>\n    <span>View Product Catalog<\/span>\n  <\/a><\/div>\n[\/vc_column][\/vc_row][vc_row full_width=&#8221;stretch_row&#8221;][vc_column width=&#8221;2\/3&#8243;]<div class=''><h2 class='     ruled ' style='max-width: 100%; display:inline-block;' >Articles &amp; Resources<\/h2><\/div><div class=\"links-list post-list\">\n    <div class=\"post-list-item\">\n      <a class=\"full-link\" href=\"\/articles\/supply-chain\/dig-deeper-into-your-gpo-relationship\/\" target=\"\"><\/a>\n      <div class=\"py-2\">\n        <div class=\"post-title h3 mb-0\">Dig Deeper Into Your GPO Relationship: 8 Tips To Maximize Your Contract<\/div>\n      <\/div>\n      <div class=\"read-more-link\">\n        <i class=\"fas fa-arrow-right\" aria-hidden=\"true\"><\/i>\n      <\/div>\n    <\/div>\n\n  \n    <div class=\"post-list-item\">\n      <a class=\"full-link\" href=\"\/articles\/or-efficiency\/how-to-operate-a-more-profitable-or\/\" target=\"\"><\/a>\n      <div class=\"py-2\">\n        <div class=\"post-title h3 mb-0\">How to Operate a More Profitable O.R.<\/div>\n      <\/div>\n      <div class=\"read-more-link\">\n        <i class=\"fas fa-arrow-right\" aria-hidden=\"true\"><\/i>\n      <\/div>\n    <\/div>\n\n  <\/div>[\/vc_column][vc_column width=&#8221;1\/3&#8243;]<div class=\"image-link-card\">\n  <a class=\"full-link\" href=\"https:\/\/www.cdc.gov\/cpr\/readiness\/healthcare\/SupplyChainDisasterPreparednessManual.htm\" target=\"_blank\"><\/a>\n  <div class=\"card-image\" style=\"background-image: url(https:\/\/www.halyardhealth.com\/wp-content\/uploads\/2020\/11\/SupplyChain-200x180.jpg)\"><\/div>\n  <div class=\"d-flex align-items-center justify-content-between pt-1\">\n  <div class=\"h6 card-title my-0\">Supply Chain Disaster Preparedness Manual<\/div>\n  <div class=\"read-more-link text-brightblue\">\n    <i class=\"fas fa-arrow-right\" aria-hidden=\"true\"><\/i>\n  <\/div>\n  <\/div>\n<\/div>\n[\/vc_column][\/vc_row][vc_row row_type=&#8221;bg-solid&#8221; row_bg_color=&#8221;bg-marks&#8221; full_width=&#8221;stretch_row&#8221; el_class=&#8221;bg-navyblue&#8221;][vc_column]<div class='text-center'><h2 class='     ruled ' style='max-width: 100%; display:inline-block;' >Featured Products<\/h2><\/div>[vc_row_inner equal_height=&#8221;yes&#8221;][vc_column_inner width=&#8221;1\/4&#8243;]<div class=\"product-card\">\n  <a class=\"full-link\"  href='https:\/\/products.halyardhealth.com\/surgical-solutions\/sterilization-solutions\/sterilization-wraps\/halyard-smart-fold-sterilization-wrap.html' target='_blank' aria-labelledby=\"label-69d2ad36f1a64\" aria-describedby=\"description-69d2ad36f1a64\"><span class=\"sr-only\" id=\"description-69d2ad36f1a64\">SMART-FOLD* Sterilization Wrap<\/span><\/a>\n  <div class=\"card-img\" style=\"background-image:url(https:\/\/www.halyardhealth.com\/wp-content\/uploads\/2020\/11\/14271_kimguard_smart-fold_4-2.jpg);\">\n    <span class=\"sr-only\" role=\"img\" aria-label=\"SMART-FOLD* Sterilization Wrap thumbnail\"> <\/span>\n\n  <\/div>\n  <div class=\"card-content\">\n    <h3 class=\"card-title\">SMART-FOLD* Sterilization Wrap<\/h3>\n    <div class=\"card-description\">\n      Features POWERGUARD* technology, for the highest level of bacterial filtration effectiveness\u201499.9%.    <\/div>\n  <\/div>\n  <div class=\"read-more-link text-uppercase\">\n    <span class=\"auto-hide-text\" id=\"label-69d2ad36f1a64\">View Product<\/span><i class=\"fas fa-arrow-right\" aria-hidden=\"true\"><\/i>\n  <\/div>\n<\/div>\n[\/vc_column_inner][vc_column_inner width=&#8221;1\/4&#8243;]<div class=\"product-card\">\n  <a class=\"full-link\"  href='https:\/\/products.halyardhealth.com\/infection-prevention\/facial-respiratory-protection\/masks-respirators\/fluidshield-n95-particulate-filter-respirator-and-surgical-mask.html' target='_blank' aria-labelledby=\"label-69d2ad36f1ffe\" aria-describedby=\"description-69d2ad36f1ffe\"><span class=\"sr-only\" id=\"description-69d2ad36f1ffe\">FLUIDSHIELD* Surgical N95 Respirator Mask<\/span><\/a>\n  <div class=\"card-img\" style=\"background-image:url(https:\/\/www.halyardhealth.com\/wp-content\/uploads\/2020\/11\/fluidshield__n95_particulate_filter_respirator_and_surgical_mask.jpg);\">\n    <span class=\"sr-only\" role=\"img\" aria-label=\"FLUIDSHIELD* Surgical N95 Respirator Mask thumbnail\"> <\/span>\n\n  <\/div>\n  <div class=\"card-content\">\n    <h3 class=\"card-title\">FLUIDSHIELD* Surgical N95 Respirator Mask<\/h3>\n    <div class=\"card-description\">\n      Highest splash resistance available, bacterial filtration efficiency of \u2265 99%    <\/div>\n  <\/div>\n  <div class=\"read-more-link text-uppercase\">\n    <span class=\"auto-hide-text\" id=\"label-69d2ad36f1ffe\">View Product<\/span><i class=\"fas fa-arrow-right\" aria-hidden=\"true\"><\/i>\n  <\/div>\n<\/div>\n[\/vc_column_inner][vc_column_inner width=&#8221;1\/4&#8243;]<div class=\"product-card\">\n  <a class=\"full-link\"  href='https:\/\/products.halyardhealth.com\/infection-prevention\/protective-apparel\/protective-gowns\/halyard-basics-tri-layer-aami2-over-the-head-isolation-gown.html?sku=43008' target='_blank' aria-labelledby=\"label-69d2ad36f2162\" aria-describedby=\"description-69d2ad36f2162\"><span class=\"sr-only\" id=\"description-69d2ad36f2162\">HALYARD* BASICS* Tri-Layer AAMI2 Over-The-Head Isolation Gown<\/span><\/a>\n  <div class=\"card-img\" style=\"background-image:url(https:\/\/www.halyardhealth.com\/wp-content\/uploads\/2020\/11\/halyard__basics__tri-layer_aami2_over-the-head_isolation_gown_1_2.jpg);\">\n    <span class=\"sr-only\" role=\"img\" aria-label=\"HALYARD* BASICS* Tri-Layer AAMI2 Over-The-Head Isolation Gown thumbnail\"> <\/span>\n\n  <\/div>\n  <div class=\"card-content\">\n    <h3 class=\"card-title\">HALYARD* BASICS* Tri-Layer AAMI2 Over-The-Head Isolation Gown<\/h3>\n    <div class=\"card-description\">\n      Gives clinicians the protection and comfort they need to deliver the best possible patient care.    <\/div>\n  <\/div>\n  <div class=\"read-more-link text-uppercase\">\n    <span class=\"auto-hide-text\" id=\"label-69d2ad36f2162\">View Product<\/span><i class=\"fas fa-arrow-right\" aria-hidden=\"true\"><\/i>\n  <\/div>\n<\/div>\n[\/vc_column_inner][vc_column_inner width=&#8221;1\/4&#8243;]<div class=\"product-card\">\n  <a class=\"full-link\"  href='https:\/\/products.halyardhealth.com\/infection-prevention\/medical-exam-gloves\/nitrile\/purple-nitrile-xtra-exam-glove.html' target='_blank' aria-labelledby=\"label-69d2ad36f2597\" aria-describedby=\"description-69d2ad36f2597\"><span class=\"sr-only\" id=\"description-69d2ad36f2597\">PURPLE NITRILE-XTRA* Exam Glove<\/span><\/a>\n  <div class=\"card-img\" style=\"background-image:url(https:\/\/www.halyardhealth.com\/wp-content\/uploads\/Untitled-design-1.png);\">\n    <span class=\"sr-only\" role=\"img\" aria-label=\"PURPLE NITRILE-XTRA* Exam Glove thumbnail\"> <\/span>\n\n  <\/div>\n  <div class=\"card-content\">\n    <h3 class=\"card-title\">PURPLE NITRILE-XTRA* Exam Glove<\/h3>\n    <div class=\"card-description\">\n      Frequently the glove of choice for healthcare workers who need outstanding barrier protection.    <\/div>\n  <\/div>\n  <div class=\"read-more-link text-uppercase\">\n    <span class=\"auto-hide-text\" id=\"label-69d2ad36f2597\">View Product<\/span><i class=\"fas fa-arrow-right\" aria-hidden=\"true\"><\/i>\n  <\/div>\n<\/div>\n[\/vc_column_inner][\/vc_row_inner][\/vc_column][\/vc_row][vc_row full_width=&#8221;stretch_row&#8221;][vc_column]<div class='text-center mx-auto'><h2 class='     ruled ' style='max-width: 100%; display:inline-block;' >Have Questions?<\/h2><\/div>[vc_column_text]<\/p>\n<p style=\"text-align: center;\">Um dos nossos representantes ter\u00e1 todo o prazer em ajud\u00e1-lo a come\u00e7ar a resolver as suas necessidades da cadeia de abastecimento hoje.<\/p>\n<p>[\/vc_column_text]<div class='wpb_content_element text-center btn-container'>\n  <a class='btn btn-primary   '\n    href='\/contact-a-sales-rep\/' target='' data-toggle=''>\n    <span>Contact a Rep<\/span>\n  <\/a><\/div>\n[\/vc_column][\/vc_row][vc_row disable_element=&#8221;yes&#8221; css=&#8221;.vc_custom_1606146961207{background-color: #ebebef !important;}&#8221;][vc_column]<div class=''><h2 class='     ruled ' style='max-width: 100%; display:inline-block;' >Sources<\/h2><\/div>[\/vc_column][\/vc_row]<\/p>\n<\/div>","protected":false},"excerpt":{"rendered":"<p>Excerto de Lorem IIpusm<\/p>\n","protected":false},"author":2,"featured_media":1301447,"parent":1300031,"menu_order":0,"comment_status":"closed","ping_status":"closed","template":"","meta":{"_acf_changed":false,"footnotes":""},"class_list":["post-1300259","page","type-page","status-publish","has-post-thumbnail","hentry"],"acf":[],"yoast_head":"<!-- This site is optimized with the Yoast SEO plugin v27.2 - https:\/\/yoast.com\/product\/yoast-seo-wordpress\/ -->\n<title>Optimize a sua cadeia de abastecimento hospitalar | HALYARD<\/title>\n<meta name=\"description\" content=\"A redu\u00e7\u00e3o dos custos e o aumento da efici\u00eancia da sua cadeia de abastecimento hospitalar \u00e9 essencial para garantir cuidados de qualidade centrados no doente. Veja como HALYARD pode ajudar.\" \/>\n<meta name=\"robots\" content=\"index, follow, max-snippet:-1, max-image-preview:large, max-video-preview:-1\" \/>\n<link rel=\"canonical\" href=\"https:\/\/www.halyardhealth.com\/pt-br\/solucoes\/solucoes-para-a-cadeia-de-fornecimento\" \/>\n<meta property=\"og:locale\" content=\"pt_BR\" \/>\n<meta property=\"og:type\" content=\"article\" \/>\n<meta property=\"og:title\" content=\"Optimize a sua cadeia de abastecimento hospitalar | HALYARD\" \/>\n<meta property=\"og:description\" content=\"A redu\u00e7\u00e3o dos custos e o aumento da efici\u00eancia da sua cadeia de abastecimento hospitalar \u00e9 essencial para garantir cuidados de qualidade centrados no doente. Veja como HALYARD pode ajudar.\" \/>\n<meta property=\"og:url\" content=\"https:\/\/www.halyardhealth.com\/pt-br\/solucoes\/solucoes-para-a-cadeia-de-fornecimento\" \/>\n<meta property=\"og:site_name\" content=\"HALYARD Products\" \/>\n<meta property=\"article:publisher\" content=\"https:\/\/www.facebook.com\/halyardhealth\" \/>\n<meta property=\"article:modified_time\" content=\"2022-08-26T15:17:40+00:00\" \/>\n<meta property=\"og:image\" content=\"https:\/\/www.halyardhealth.com\/wp-content\/uploads\/halyard-health-sails.jpg\" \/>\n\t<meta property=\"og:image:width\" content=\"225\" \/>\n\t<meta property=\"og:image:height\" content=\"225\" \/>\n\t<meta property=\"og:image:type\" content=\"image\/jpeg\" \/>\n<meta name=\"twitter:card\" content=\"summary_large_image\" \/>\n<meta name=\"twitter:site\" content=\"@halyardhealth\" \/>\n<meta name=\"twitter:label1\" content=\"Est. tempo de leitura\" \/>\n\t<meta name=\"twitter:data1\" content=\"6 minutos\" \/>\n<!-- \/ Yoast SEO plugin. -->","yoast_head_json":{"title":"Optimize a sua cadeia de abastecimento hospitalar | HALYARD","description":"A redu\u00e7\u00e3o dos custos e o aumento da efici\u00eancia da sua cadeia de abastecimento hospitalar \u00e9 essencial para garantir cuidados de qualidade centrados no doente. Veja como HALYARD pode ajudar.","robots":{"index":"index","follow":"follow","max-snippet":"max-snippet:-1","max-image-preview":"max-image-preview:large","max-video-preview":"max-video-preview:-1"},"canonical":"https:\/\/www.halyardhealth.com\/pt-br\/solucoes\/solucoes-para-a-cadeia-de-fornecimento","og_locale":"pt_BR","og_type":"article","og_title":"Optimize a sua cadeia de abastecimento hospitalar | HALYARD","og_description":"A redu\u00e7\u00e3o dos custos e o aumento da efici\u00eancia da sua cadeia de abastecimento hospitalar \u00e9 essencial para garantir cuidados de qualidade centrados no doente. Veja como HALYARD pode ajudar.","og_url":"https:\/\/www.halyardhealth.com\/pt-br\/solucoes\/solucoes-para-a-cadeia-de-fornecimento","og_site_name":"HALYARD Products","article_publisher":"https:\/\/www.facebook.com\/halyardhealth","article_modified_time":"2022-08-26T15:17:40+00:00","og_image":[{"width":225,"height":225,"url":"https:\/\/www.halyardhealth.com\/wp-content\/uploads\/halyard-health-sails.jpg","type":"image\/jpeg"}],"twitter_card":"summary_large_image","twitter_site":"@halyardhealth","twitter_misc":{"Est. tempo de leitura":"6 minutos"},"schema":{"@context":"https:\/\/schema.org","@graph":[{"@type":"WebPage","@id":"https:\/\/www.halyardhealth.com\/pt-br\/solucoes\/solucoes-para-a-cadeia-de-fornecimento","url":"https:\/\/www.halyardhealth.com\/pt-br\/solucoes\/solucoes-para-a-cadeia-de-fornecimento","name":"Optimize a sua cadeia de abastecimento hospitalar | HALYARD","isPartOf":{"@id":"https:\/\/www.halyardhealth.com\/pt-br#website"},"primaryImageOfPage":{"@id":"https:\/\/www.halyardhealth.com\/pt-br\/solucoes\/solucoes-para-a-cadeia-de-fornecimento#primaryimage"},"image":{"@id":"https:\/\/www.halyardhealth.com\/pt-br\/solucoes\/solucoes-para-a-cadeia-de-fornecimento#primaryimage"},"thumbnailUrl":"https:\/\/www.halyardhealth.com\/wp-content\/uploads\/halyard-health-sails.jpg","datePublished":"2020-11-23T19:13:15+00:00","dateModified":"2022-08-26T15:17:40+00:00","description":"A redu\u00e7\u00e3o dos custos e o aumento da efici\u00eancia da sua cadeia de abastecimento hospitalar \u00e9 essencial para garantir cuidados de qualidade centrados no doente. Veja como HALYARD pode ajudar.","breadcrumb":{"@id":"https:\/\/www.halyardhealth.com\/pt-br\/solucoes\/solucoes-para-a-cadeia-de-fornecimento#breadcrumb"},"inLanguage":"pt-BR","potentialAction":[{"@type":"ReadAction","target":["https:\/\/www.halyardhealth.com\/pt-br\/solucoes\/solucoes-para-a-cadeia-de-fornecimento"]}]},{"@type":"ImageObject","inLanguage":"pt-BR","@id":"https:\/\/www.halyardhealth.com\/pt-br\/solucoes\/solucoes-para-a-cadeia-de-fornecimento#primaryimage","url":"https:\/\/www.halyardhealth.com\/wp-content\/uploads\/halyard-health-sails.jpg","contentUrl":"https:\/\/www.halyardhealth.com\/wp-content\/uploads\/halyard-health-sails.jpg","width":225,"height":225,"caption":"Halyard Health"},{"@type":"BreadcrumbList","@id":"https:\/\/www.halyardhealth.com\/pt-br\/solucoes\/solucoes-para-a-cadeia-de-fornecimento#breadcrumb","itemListElement":[{"@type":"ListItem","position":1,"name":"Home","item":"https:\/\/www.halyardhealth.com\/pt-br"},{"@type":"ListItem","position":2,"name":"Solu\u00e7\u00f5es","item":"https:\/\/www.halyardhealth.com\/pt-br?page_id=110"},{"@type":"ListItem","position":3,"name":"Solu\u00e7\u00f5es para a cadeia de fornecimento"}]},{"@type":"WebSite","@id":"https:\/\/www.halyardhealth.com\/pt-br#website","url":"https:\/\/www.halyardhealth.com\/pt-br","name":"HALYARD Products","description":"HALYARD Products","publisher":{"@id":"https:\/\/www.halyardhealth.com\/pt-br#organization"},"alternateName":"HALYARD Global Products","potentialAction":[{"@type":"SearchAction","target":{"@type":"EntryPoint","urlTemplate":"https:\/\/www.halyardhealth.com\/pt-br?s={search_term_string}"},"query-input":{"@type":"PropertyValueSpecification","valueRequired":true,"valueName":"search_term_string"}}],"inLanguage":"pt-BR"},{"@type":"Organization","@id":"https:\/\/www.halyardhealth.com\/pt-br#organization","name":"Owens & Minor Global Products","url":"https:\/\/www.halyardhealth.com\/pt-br","logo":{"@type":"ImageObject","inLanguage":"pt-BR","@id":"https:\/\/www.halyardhealth.com\/pt-br#\/schema\/logo\/image\/","url":"https:\/\/www.halyardhealth.com\/wp-content\/uploads\/2020\/09\/owens-minor-halyard.png","contentUrl":"https:\/\/www.halyardhealth.com\/wp-content\/uploads\/2020\/09\/owens-minor-halyard.png","width":660,"height":123,"caption":"Owens & Minor Global Products"},"image":{"@id":"https:\/\/www.halyardhealth.com\/pt-br#\/schema\/logo\/image\/"},"sameAs":["https:\/\/www.facebook.com\/halyardhealth","https:\/\/x.com\/halyardhealth","https:\/\/www.linkedin.com\/company\/halyard-health","https:\/\/www.youtube.com\/halyardhealth"]}]}},"publishpress_future_action":{"enabled":false,"date":"2026-04-12 14:43:03","action":"change-status","newStatus":"draft","terms":[],"taxonomy":"translation_priority","extraData":[]},"publishpress_future_workflow_manual_trigger":{"enabledWorkflows":[]},"_links":{"self":[{"href":"https:\/\/www.halyardhealth.com\/pt-br\/wp-json\/wp\/v2\/pages\/1300259","targetHints":{"allow":["GET"]}}],"collection":[{"href":"https:\/\/www.halyardhealth.com\/pt-br\/wp-json\/wp\/v2\/pages"}],"about":[{"href":"https:\/\/www.halyardhealth.com\/pt-br\/wp-json\/wp\/v2\/types\/page"}],"author":[{"embeddable":true,"href":"https:\/\/www.halyardhealth.com\/pt-br\/wp-json\/wp\/v2\/users\/2"}],"replies":[{"embeddable":true,"href":"https:\/\/www.halyardhealth.com\/pt-br\/wp-json\/wp\/v2\/comments?post=1300259"}],"version-history":[{"count":0,"href":"https:\/\/www.halyardhealth.com\/pt-br\/wp-json\/wp\/v2\/pages\/1300259\/revisions"}],"up":[{"embeddable":true,"href":"https:\/\/www.halyardhealth.com\/pt-br\/wp-json\/wp\/v2\/pages\/1300031"}],"wp:featuredmedia":[{"embeddable":true,"href":"https:\/\/www.halyardhealth.com\/pt-br\/wp-json\/wp\/v2\/media\/1301447"}],"wp:attachment":[{"href":"https:\/\/www.halyardhealth.com\/pt-br\/wp-json\/wp\/v2\/media?parent=1300259"}],"curies":[{"name":"wp","href":"https:\/\/api.w.org\/{rel}","templated":true}]}}