{"id":1301433,"date":"2022-11-07T17:05:22","date_gmt":"2022-11-07T22:05:22","guid":{"rendered":"https:\/\/www.halyardhealth.com\/confirmacao-de-pedido-de-amostras-purezero"},"modified":"2022-11-07T17:21:10","modified_gmt":"2022-11-07T22:21:10","slug":"confirmacao-de-pedido-de-amostras-purezero","status":"publish","type":"page","link":"https:\/\/www.halyardhealth.com\/pt-br\/confirmacao-de-pedido-de-amostras-purezero","title":{"rendered":"Confirma\u00e7\u00e3o de pedido de amostras PureZero"},"content":{"rendered":"<div class=\"wpb-content-wrapper\"><p>[vc_row row_type=&#8221;page-hero&#8221; hero_size=&#8221;small&#8221; css=&#8221;.vc_custom_1667859617213{background-image: url(https:\/\/www.halyardhealth.com\/wp-content\/uploads\/Cleanroom-header1.jpg?id=1301292) !important;}&#8221;][vc_column]<div class=''><h1 class=' mb-0     ' style='max-width: 100%; display:inline-block;' >O seu HALYARD* &lt;strong&gt;PUREZERO*&lt;\/strong&gt;<br \/>\nO pacote de amostras est\u00e1 a caminho.<\/h1><\/div><div class=''><h2 class='    lead  ' style='max-width: 100%; display:inline-block;' >Por favor, aguarde at\u00e9 duas semanas \u00fateis para que as suas amostras cheguem.<br \/>\nObrigado!<br \/>\nOs seus amigos em HALYARD*<\/h2><\/div>[\/vc_column][\/vc_row][vc_row][vc_column][vc_basic_grid post_type=&#8221;documents&#8221; max_items=&#8221;1000&#8243; style=&#8221;load-more&#8221; items_per_page=&#8221;8&#8243; element_width=&#8221;3&#8243; grid_id=&#8221;vc_gid:1667859575588-2db8eb6f-e993-10&#8243; taxonomies=&#8221;299, 194&#8243;][\/vc_column][\/vc_row]<\/p>\n<\/div>","protected":false},"excerpt":{"rendered":"<p>[vc_row row_type=&#8221;page-hero&#8221; hero_size=&#8221;small&#8221; css=&#8221;.vc_custom_1667859617213{background-image: url(https:\/\/www.halyardhealth.com\/wp-content\/uploads\/Cleanroom-header1.jpg?id=1301292) !important;}&#8221;][vc_column][\/vc_column][\/vc_row][vc_row][vc_column][vc_basic_grid post_type=&#8221;documents&#8221; max_items=&#8221;1000&#8243; style=&#8221;load-more&#8221; items_per_page=&#8221;8&#8243; element_width=&#8221;3&#8243; grid_id=&#8221;vc_gid:1667859575588-2db8eb6f-e993-10&#8243; taxonomies=&#8221;299, 194&#8243;][\/vc_column][\/vc_row]<\/p>\n","protected":false},"author":2,"featured_media":1301447,"parent":0,"menu_order":0,"comment_status":"closed","ping_status":"closed","template":"","meta":{"_acf_changed":false,"footnotes":""},"class_list":["post-1301433","page","type-page","status-publish","has-post-thumbnail","hentry"],"acf":[],"yoast_head":"<!-- This site is optimized with the Yoast SEO plugin v27.2 - https:\/\/yoast.com\/product\/yoast-seo-wordpress\/ -->\n<title>Confirma\u00e7\u00e3o de pedido de amostras PureZero | HALYARD<\/title>\n<meta name=\"description\" content=\"Confirma\u00e7\u00e3o de pedido de amostras PureZero HALYARD Products\" \/>\n<meta name=\"robots\" content=\"index, follow, max-snippet:-1, max-image-preview:large, max-video-preview:-1\" \/>\n<link rel=\"canonical\" href=\"https:\/\/www.halyardhealth.com\/pt-br\/confirmacao-de-pedido-de-amostras-purezero\" \/>\n<meta property=\"og:locale\" content=\"pt_BR\" \/>\n<meta property=\"og:type\" content=\"article\" \/>\n<meta property=\"og:title\" content=\"Confirma\u00e7\u00e3o de pedido de amostras PureZero | HALYARD\" \/>\n<meta property=\"og:description\" content=\"Confirma\u00e7\u00e3o de pedido de amostras PureZero HALYARD Products\" \/>\n<meta property=\"og:url\" content=\"https:\/\/www.halyardhealth.com\/pt-br\/confirmacao-de-pedido-de-amostras-purezero\" \/>\n<meta property=\"og:site_name\" content=\"HALYARD Products\" \/>\n<meta property=\"article:publisher\" content=\"https:\/\/www.facebook.com\/halyardhealth\" \/>\n<meta property=\"article:modified_time\" content=\"2022-11-07T22:21:10+00:00\" \/>\n<meta property=\"og:image\" content=\"https:\/\/www.halyardhealth.com\/wp-content\/uploads\/halyard-health-sails.jpg\" \/>\n\t<meta property=\"og:image:width\" content=\"225\" \/>\n\t<meta property=\"og:image:height\" content=\"225\" \/>\n\t<meta property=\"og:image:type\" content=\"image\/jpeg\" \/>\n<meta name=\"twitter:card\" content=\"summary_large_image\" \/>\n<meta name=\"twitter:site\" content=\"@halyardhealth\" \/>\n<meta name=\"twitter:label1\" content=\"Est. tempo de leitura\" \/>\n\t<meta name=\"twitter:data1\" content=\"1 minuto\" \/>\n<!-- \/ Yoast SEO plugin. -->","yoast_head_json":{"title":"Confirma\u00e7\u00e3o de pedido de amostras PureZero | HALYARD","description":"Confirma\u00e7\u00e3o de pedido de amostras PureZero HALYARD Products","robots":{"index":"index","follow":"follow","max-snippet":"max-snippet:-1","max-image-preview":"max-image-preview:large","max-video-preview":"max-video-preview:-1"},"canonical":"https:\/\/www.halyardhealth.com\/pt-br\/confirmacao-de-pedido-de-amostras-purezero","og_locale":"pt_BR","og_type":"article","og_title":"Confirma\u00e7\u00e3o de pedido de amostras PureZero | HALYARD","og_description":"Confirma\u00e7\u00e3o de pedido de amostras PureZero HALYARD Products","og_url":"https:\/\/www.halyardhealth.com\/pt-br\/confirmacao-de-pedido-de-amostras-purezero","og_site_name":"HALYARD Products","article_publisher":"https:\/\/www.facebook.com\/halyardhealth","article_modified_time":"2022-11-07T22:21:10+00:00","og_image":[{"width":225,"height":225,"url":"https:\/\/www.halyardhealth.com\/wp-content\/uploads\/halyard-health-sails.jpg","type":"image\/jpeg"}],"twitter_card":"summary_large_image","twitter_site":"@halyardhealth","twitter_misc":{"Est. tempo de leitura":"1 minuto"},"schema":{"@context":"https:\/\/schema.org","@graph":[{"@type":"WebPage","@id":"https:\/\/www.halyardhealth.com\/pt-br\/confirmacao-de-pedido-de-amostras-purezero","url":"https:\/\/www.halyardhealth.com\/pt-br\/confirmacao-de-pedido-de-amostras-purezero","name":"Confirma\u00e7\u00e3o de pedido de amostras PureZero | HALYARD","isPartOf":{"@id":"https:\/\/www.halyardhealth.com\/pt-br#website"},"primaryImageOfPage":{"@id":"https:\/\/www.halyardhealth.com\/pt-br\/confirmacao-de-pedido-de-amostras-purezero#primaryimage"},"image":{"@id":"https:\/\/www.halyardhealth.com\/pt-br\/confirmacao-de-pedido-de-amostras-purezero#primaryimage"},"thumbnailUrl":"https:\/\/www.halyardhealth.com\/wp-content\/uploads\/halyard-health-sails.jpg","datePublished":"2022-11-07T22:05:22+00:00","dateModified":"2022-11-07T22:21:10+00:00","description":"Confirma\u00e7\u00e3o de pedido de amostras PureZero HALYARD Products","breadcrumb":{"@id":"https:\/\/www.halyardhealth.com\/pt-br\/confirmacao-de-pedido-de-amostras-purezero#breadcrumb"},"inLanguage":"pt-BR","potentialAction":[{"@type":"ReadAction","target":["https:\/\/www.halyardhealth.com\/pt-br\/confirmacao-de-pedido-de-amostras-purezero"]}]},{"@type":"ImageObject","inLanguage":"pt-BR","@id":"https:\/\/www.halyardhealth.com\/pt-br\/confirmacao-de-pedido-de-amostras-purezero#primaryimage","url":"https:\/\/www.halyardhealth.com\/wp-content\/uploads\/halyard-health-sails.jpg","contentUrl":"https:\/\/www.halyardhealth.com\/wp-content\/uploads\/halyard-health-sails.jpg","width":225,"height":225,"caption":"Halyard Health"},{"@type":"BreadcrumbList","@id":"https:\/\/www.halyardhealth.com\/pt-br\/confirmacao-de-pedido-de-amostras-purezero#breadcrumb","itemListElement":[{"@type":"ListItem","position":1,"name":"Home","item":"https:\/\/www.halyardhealth.com\/pt-br"},{"@type":"ListItem","position":2,"name":"Confirma\u00e7\u00e3o de pedido de amostras PureZero"}]},{"@type":"WebSite","@id":"https:\/\/www.halyardhealth.com\/pt-br#website","url":"https:\/\/www.halyardhealth.com\/pt-br","name":"HALYARD Products","description":"HALYARD Products","publisher":{"@id":"https:\/\/www.halyardhealth.com\/pt-br#organization"},"alternateName":"HALYARD Global Products","potentialAction":[{"@type":"SearchAction","target":{"@type":"EntryPoint","urlTemplate":"https:\/\/www.halyardhealth.com\/pt-br?s={search_term_string}"},"query-input":{"@type":"PropertyValueSpecification","valueRequired":true,"valueName":"search_term_string"}}],"inLanguage":"pt-BR"},{"@type":"Organization","@id":"https:\/\/www.halyardhealth.com\/pt-br#organization","name":"Owens & Minor Global Products","url":"https:\/\/www.halyardhealth.com\/pt-br","logo":{"@type":"ImageObject","inLanguage":"pt-BR","@id":"https:\/\/www.halyardhealth.com\/pt-br#\/schema\/logo\/image\/","url":"https:\/\/www.halyardhealth.com\/wp-content\/uploads\/2020\/09\/owens-minor-halyard.png","contentUrl":"https:\/\/www.halyardhealth.com\/wp-content\/uploads\/2020\/09\/owens-minor-halyard.png","width":660,"height":123,"caption":"Owens & Minor Global Products"},"image":{"@id":"https:\/\/www.halyardhealth.com\/pt-br#\/schema\/logo\/image\/"},"sameAs":["https:\/\/www.facebook.com\/halyardhealth","https:\/\/x.com\/halyardhealth","https:\/\/www.linkedin.com\/company\/halyard-health","https:\/\/www.youtube.com\/halyardhealth"]}]}},"publishpress_future_action":{"enabled":false,"date":"2026-04-13 22:50:06","action":"change-status","newStatus":"draft","terms":[],"taxonomy":"translation_priority","extraData":[]},"publishpress_future_workflow_manual_trigger":{"enabledWorkflows":[]},"_links":{"self":[{"href":"https:\/\/www.halyardhealth.com\/pt-br\/wp-json\/wp\/v2\/pages\/1301433","targetHints":{"allow":["GET"]}}],"collection":[{"href":"https:\/\/www.halyardhealth.com\/pt-br\/wp-json\/wp\/v2\/pages"}],"about":[{"href":"https:\/\/www.halyardhealth.com\/pt-br\/wp-json\/wp\/v2\/types\/page"}],"author":[{"embeddable":true,"href":"https:\/\/www.halyardhealth.com\/pt-br\/wp-json\/wp\/v2\/users\/2"}],"replies":[{"embeddable":true,"href":"https:\/\/www.halyardhealth.com\/pt-br\/wp-json\/wp\/v2\/comments?post=1301433"}],"version-history":[{"count":0,"href":"https:\/\/www.halyardhealth.com\/pt-br\/wp-json\/wp\/v2\/pages\/1301433\/revisions"}],"wp:featuredmedia":[{"embeddable":true,"href":"https:\/\/www.halyardhealth.com\/pt-br\/wp-json\/wp\/v2\/media\/1301447"}],"wp:attachment":[{"href":"https:\/\/www.halyardhealth.com\/pt-br\/wp-json\/wp\/v2\/media?parent=1301433"}],"curies":[{"name":"wp","href":"https:\/\/api.w.org\/{rel}","templated":true}]}}